{"id":414994,"date":"2023-10-11T20:06:19","date_gmt":"2023-10-11T18:06:19","guid":{"rendered":"https:\/\/letutudanza.it\/prodotto\/tanztrikot-mit-pistagnin-und-ariel-mikromesh-einsaetzen"},"modified":"2025-09-12T12:34:17","modified_gmt":"2025-09-12T10:34:17","slug":"tanztrikot-mit-netzeinsatzen-und-tiefem-ausschnitt-dalia-copy","status":"publish","type":"product","link":"https:\/\/www.letutudanza.it\/de\/prodotto\/tanztrikot-mit-netzeinsatzen-und-tiefem-ausschnitt-dalia-copy","title":{"rendered":"Tanztrikot mit Pistagnin- und Ariel-Mikromesh-Eins\u00e4tzen"},"content":{"rendered":"<p>Ideal f\u00fcr Praktika und Vorsprechen<\/p>\n","protected":false},"excerpt":{"rendered":"<p>Body mit Pistagnin und Rei\u00dfverschluss vorne. Abgerundet mit ganz besonderen Mesh-Eins\u00e4tzen an den Vorderseiten und einem sehr gro\u00dfen auf der R\u00fcckseite.<br \/>\nVorne gef\u00fcttert<\/p>\n","protected":false},"featured_media":413592,"template":"","meta":{"_acf_changed":false},"product_brand":[],"product_cat":[1550,1513],"product_tag":[1552],"class_list":{"0":"post-414994","1":"product","2":"type-product","3":"status-publish","4":"has-post-thumbnail","6":"product_cat-korper-tanz","7":"product_cat-kleidung","8":"product_tag-balletttrikot-fur-erwachsene","9":"pa_brand-dl-tanzkleidung","11":"first","12":"instock","13":"shipping-taxable","14":"purchasable","15":"product-type-variable"},"acf":[],"_links":{"self":[{"href":"https:\/\/www.letutudanza.it\/de\/wp-json\/wp\/v2\/product\/414994","targetHints":{"allow":["GET"]}}],"collection":[{"href":"https:\/\/www.letutudanza.it\/de\/wp-json\/wp\/v2\/product"}],"about":[{"href":"https:\/\/www.letutudanza.it\/de\/wp-json\/wp\/v2\/types\/product"}],"wp:featuredmedia":[{"embeddable":true,"href":"https:\/\/www.letutudanza.it\/de\/wp-json\/wp\/v2\/media\/413592"}],"wp:attachment":[{"href":"https:\/\/www.letutudanza.it\/de\/wp-json\/wp\/v2\/media?parent=414994"}],"wp:term":[{"taxonomy":"product_brand","embeddable":true,"href":"https:\/\/www.letutudanza.it\/de\/wp-json\/wp\/v2\/product_brand?post=414994"},{"taxonomy":"product_cat","embeddable":true,"href":"https:\/\/www.letutudanza.it\/de\/wp-json\/wp\/v2\/product_cat?post=414994"},{"taxonomy":"product_tag","embeddable":true,"href":"https:\/\/www.letutudanza.it\/de\/wp-json\/wp\/v2\/product_tag?post=414994"}],"curies":[{"name":"wp","href":"https:\/\/api.w.org\/{rel}","templated":true}]}}