{"id":414934,"date":"2023-10-10T12:49:52","date_gmt":"2023-10-10T10:49:52","guid":{"rendered":"https:\/\/letutudanza.it\/prodotto\/tanztrikot-fuer-kleine-maedchen-mit-locken"},"modified":"2025-09-22T09:46:35","modified_gmt":"2025-09-22T07:46:35","slug":"tanztrikot-fur-kleine-madchen-mit-locken","status":"publish","type":"product","link":"https:\/\/www.letutudanza.it\/de\/prodotto\/tanztrikot-fur-kleine-madchen-mit-locken","title":{"rendered":"Tanztrikot f\u00fcr kleine M\u00e4dchen mit Locken"},"content":{"rendered":"","protected":false},"excerpt":{"rendered":"<p>Halb\u00e4rmeliger Tanzbody aus Baumwolle.<br \/>\n Brustraffungen und formende Schnitte entlang des Oberteils verbessern die Passform.<\/p>\n<p> Gestreckter Vorw\u00e4rts<\/p>\n","protected":false},"featured_media":412276,"template":"","meta":{"_acf_changed":false},"product_brand":[],"product_cat":[1521,1451],"product_tag":[],"class_list":{"0":"post-414934","1":"product","2":"type-product","3":"status-publish","4":"has-post-thumbnail","6":"product_cat-auslasskorper","7":"product_cat-auslauf","8":"pa_brand-dl-tanzkleidung","10":"first","11":"instock","12":"sale","13":"shipping-taxable","14":"purchasable","15":"product-type-variable"},"acf":[],"_links":{"self":[{"href":"https:\/\/www.letutudanza.it\/de\/wp-json\/wp\/v2\/product\/414934","targetHints":{"allow":["GET"]}}],"collection":[{"href":"https:\/\/www.letutudanza.it\/de\/wp-json\/wp\/v2\/product"}],"about":[{"href":"https:\/\/www.letutudanza.it\/de\/wp-json\/wp\/v2\/types\/product"}],"wp:featuredmedia":[{"embeddable":true,"href":"https:\/\/www.letutudanza.it\/de\/wp-json\/wp\/v2\/media\/412276"}],"wp:attachment":[{"href":"https:\/\/www.letutudanza.it\/de\/wp-json\/wp\/v2\/media?parent=414934"}],"wp:term":[{"taxonomy":"product_brand","embeddable":true,"href":"https:\/\/www.letutudanza.it\/de\/wp-json\/wp\/v2\/product_brand?post=414934"},{"taxonomy":"product_cat","embeddable":true,"href":"https:\/\/www.letutudanza.it\/de\/wp-json\/wp\/v2\/product_cat?post=414934"},{"taxonomy":"product_tag","embeddable":true,"href":"https:\/\/www.letutudanza.it\/de\/wp-json\/wp\/v2\/product_tag?post=414934"}],"curies":[{"name":"wp","href":"https:\/\/api.w.org\/{rel}","templated":true}]}}