{"id":412097,"date":"2023-10-09T10:29:03","date_gmt":"2023-10-09T08:29:03","guid":{"rendered":"https:\/\/letutudanza.it\/?post_type=product&#038;p=412097"},"modified":"2026-04-17T15:48:22","modified_gmt":"2026-04-17T13:48:22","slug":"tanz-body-mieder-mit-herz-ausschnitt","status":"publish","type":"product","link":"https:\/\/www.letutudanza.it\/de\/prodotto\/tanz-body-mieder-mit-herz-ausschnitt","title":{"rendered":"Lycra-Tanztrikot mit herzf\u00f6rmigem Ausschnitt"},"content":{"rendered":"<p>Die Tr\u00e4ger sind nur auf der Vorderseite angen\u00e4ht<\/p>\n","protected":false},"excerpt":{"rendered":"<p>Body mit herzf\u00f6rmigem Ausschnitt und verstellbaren Tr\u00e4gern.<br \/>\n Tiefer Halsausschnitt und R\u00fcckenausschnitt garantieren eine bessere Passform<\/p>\n<p> Aus Lycra gefertigt, Vorderseite gef\u00fcttert<br \/>\n Letztes verf\u00fcgbares Exemplar (Farbfoto) Gr\u00f6\u00dfe XL<\/p>\n<p>&nbsp;<\/p>\n","protected":false},"featured_media":412113,"template":"","meta":{"_acf_changed":false},"product_brand":[],"product_cat":[1521,1451],"product_tag":[],"class_list":{"0":"post-412097","1":"product","2":"type-product","3":"status-publish","4":"has-post-thumbnail","6":"product_cat-auslasskorper","7":"product_cat-auslauf","8":"pa_brand-dl-tanzkleidung","10":"first","11":"instock","12":"sale","13":"shipping-taxable","14":"purchasable","15":"product-type-simple"},"acf":[],"_links":{"self":[{"href":"https:\/\/www.letutudanza.it\/de\/wp-json\/wp\/v2\/product\/412097","targetHints":{"allow":["GET"]}}],"collection":[{"href":"https:\/\/www.letutudanza.it\/de\/wp-json\/wp\/v2\/product"}],"about":[{"href":"https:\/\/www.letutudanza.it\/de\/wp-json\/wp\/v2\/types\/product"}],"wp:featuredmedia":[{"embeddable":true,"href":"https:\/\/www.letutudanza.it\/de\/wp-json\/wp\/v2\/media\/412113"}],"wp:attachment":[{"href":"https:\/\/www.letutudanza.it\/de\/wp-json\/wp\/v2\/media?parent=412097"}],"wp:term":[{"taxonomy":"product_brand","embeddable":true,"href":"https:\/\/www.letutudanza.it\/de\/wp-json\/wp\/v2\/product_brand?post=412097"},{"taxonomy":"product_cat","embeddable":true,"href":"https:\/\/www.letutudanza.it\/de\/wp-json\/wp\/v2\/product_cat?post=412097"},{"taxonomy":"product_tag","embeddable":true,"href":"https:\/\/www.letutudanza.it\/de\/wp-json\/wp\/v2\/product_tag?post=412097"}],"curies":[{"name":"wp","href":"https:\/\/api.w.org\/{rel}","templated":true}]}}