{"id":412048,"date":"2023-10-07T09:44:39","date_gmt":"2023-10-07T07:44:39","guid":{"rendered":"https:\/\/letutudanza.it\/prodotto\/blauer-tanz-body-mit-halben-aermeln-fuer-maedchen"},"modified":"2025-09-22T09:44:06","modified_gmt":"2025-09-22T07:44:06","slug":"blauer-halbarmer-tanz-body-fur-madchen","status":"publish","type":"product","link":"https:\/\/www.letutudanza.it\/de\/prodotto\/blauer-halbarmer-tanz-body-fur-madchen","title":{"rendered":"Blauer Tanz-Body mit halben \u00c4rmeln f\u00fcr M\u00e4dchen"},"content":{"rendered":"","protected":false},"excerpt":{"rendered":"<p>Tanztrikot aus blauem Lycra mit kontrastierenden hellblauen Kanten entlang des Ausschnitts, der \u00c4rmel und unter der Brust.<br \/>\n Tieferer Ausschnitt auf der R\u00fcckseite<br \/>\n Nur ein St\u00fcck verf\u00fcgbar, Gr\u00f6\u00dfe 8\/10 Jahre<\/p>\n<p> Gef\u00fctterte Vorderseite<\/p>\n<p>&nbsp;<\/p>\n","protected":false},"featured_media":411884,"template":"","meta":{"_acf_changed":false},"product_brand":[],"product_cat":[1521,1451],"product_tag":[],"class_list":{"0":"post-412048","1":"product","2":"type-product","3":"status-publish","4":"has-post-thumbnail","6":"product_cat-auslasskorper","7":"product_cat-auslauf","8":"pa_brand-dl-tanzkleidung","10":"first","11":"instock","12":"sale","13":"shipping-taxable","14":"purchasable","15":"product-type-simple"},"acf":[],"_links":{"self":[{"href":"https:\/\/www.letutudanza.it\/de\/wp-json\/wp\/v2\/product\/412048","targetHints":{"allow":["GET"]}}],"collection":[{"href":"https:\/\/www.letutudanza.it\/de\/wp-json\/wp\/v2\/product"}],"about":[{"href":"https:\/\/www.letutudanza.it\/de\/wp-json\/wp\/v2\/types\/product"}],"wp:featuredmedia":[{"embeddable":true,"href":"https:\/\/www.letutudanza.it\/de\/wp-json\/wp\/v2\/media\/411884"}],"wp:attachment":[{"href":"https:\/\/www.letutudanza.it\/de\/wp-json\/wp\/v2\/media?parent=412048"}],"wp:term":[{"taxonomy":"product_brand","embeddable":true,"href":"https:\/\/www.letutudanza.it\/de\/wp-json\/wp\/v2\/product_brand?post=412048"},{"taxonomy":"product_cat","embeddable":true,"href":"https:\/\/www.letutudanza.it\/de\/wp-json\/wp\/v2\/product_cat?post=412048"},{"taxonomy":"product_tag","embeddable":true,"href":"https:\/\/www.letutudanza.it\/de\/wp-json\/wp\/v2\/product_tag?post=412048"}],"curies":[{"name":"wp","href":"https:\/\/api.w.org\/{rel}","templated":true}]}}