{"id":411169,"date":"2023-09-29T19:11:31","date_gmt":"2023-09-29T17:11:31","guid":{"rendered":"https:\/\/letutudanza.it\/?post_type=product&#038;p=411169"},"modified":"2025-09-22T09:56:46","modified_gmt":"2025-09-22T07:56:46","slug":"baby-tanztrikot-aus-mikrofaser-mit-rock","status":"publish","type":"product","link":"https:\/\/www.letutudanza.it\/de\/prodotto\/baby-tanztrikot-aus-mikrofaser-mit-rock","title":{"rendered":"Tanz-Body aus Mikrofaser f\u00fcr M\u00e4dchen mit Rock"},"content":{"rendered":"<p>Halb\u00e4rmeliger Body aus orangefarbenem Lycra. Bord\u00fcre an den \u00c4rmeln und entlang des Oberteils in Kontrastfarbe. Offener und \u00fcberlappender Rock, der am K\u00f6rper angebracht ist.<br \/>\nVorne gef\u00fcttert<\/p>\n","protected":false},"excerpt":{"rendered":"<p>Body mit Rundhalsausschnitt und letztem \u00c4rmel ohne Schnitt. Wei\u00dfe Bes\u00e4tze an \u00c4rmeln und Halsausschnitt.<br \/>\n Schnitt und Bund unter der Brust.<br \/>\n Kleiner, auf einer Seite gekreuzter Rock mit abgerundeter Form, die dem Modell einen weichen Touch verleiht.<br \/>\n Erh\u00e4ltlich in Gr\u00f6\u00dfe 8\/10 Jahre<\/p>\n<p>Vorne gef\u00fcttert.<\/p>\n","protected":false},"featured_media":411178,"template":"","meta":{"_acf_changed":false},"product_brand":[],"product_cat":[1521,1451],"product_tag":[],"class_list":{"0":"post-411169","1":"product","2":"type-product","3":"status-publish","4":"has-post-thumbnail","6":"product_cat-auslasskorper","7":"product_cat-auslauf","8":"pa_brand-dl-tanzkleidung","10":"first","11":"instock","12":"sale","13":"shipping-taxable","14":"purchasable","15":"product-type-simple"},"acf":[],"_links":{"self":[{"href":"https:\/\/www.letutudanza.it\/de\/wp-json\/wp\/v2\/product\/411169","targetHints":{"allow":["GET"]}}],"collection":[{"href":"https:\/\/www.letutudanza.it\/de\/wp-json\/wp\/v2\/product"}],"about":[{"href":"https:\/\/www.letutudanza.it\/de\/wp-json\/wp\/v2\/types\/product"}],"wp:featuredmedia":[{"embeddable":true,"href":"https:\/\/www.letutudanza.it\/de\/wp-json\/wp\/v2\/media\/411178"}],"wp:attachment":[{"href":"https:\/\/www.letutudanza.it\/de\/wp-json\/wp\/v2\/media?parent=411169"}],"wp:term":[{"taxonomy":"product_brand","embeddable":true,"href":"https:\/\/www.letutudanza.it\/de\/wp-json\/wp\/v2\/product_brand?post=411169"},{"taxonomy":"product_cat","embeddable":true,"href":"https:\/\/www.letutudanza.it\/de\/wp-json\/wp\/v2\/product_cat?post=411169"},{"taxonomy":"product_tag","embeddable":true,"href":"https:\/\/www.letutudanza.it\/de\/wp-json\/wp\/v2\/product_tag?post=411169"}],"curies":[{"name":"wp","href":"https:\/\/api.w.org\/{rel}","templated":true}]}}