{"id":410682,"date":"2023-09-27T11:01:05","date_gmt":"2023-09-27T09:01:05","guid":{"rendered":"https:\/\/letutudanza.it\/prodotto\/viky-tuell-tanzbody-mit-rock"},"modified":"2025-10-09T16:19:21","modified_gmt":"2025-10-09T14:19:21","slug":"tanzbody-mit-tullrock-vicky","status":"publish","type":"product","link":"https:\/\/www.letutudanza.it\/de\/prodotto\/tanzbody-mit-tullrock-vicky","title":{"rendered":"Viky Tutu-Tanzkleid mit T\u00fcllrock"},"content":{"rendered":"<p>Ideal f\u00fcr Tanzspiele, untere Kurse und den technischen Teil f\u00fcr Shows<\/p>\n","protected":false},"excerpt":{"rendered":"<p>Body mit rundem Ausschnitt vorne und hinten.<br \/>\n 4 Lagen T\u00fcll gerafft und auf den Body aufgebracht.<\/p>\n<p> Gef\u00fctterte Vorderseite<\/p>\n","protected":false},"featured_media":409907,"template":"","meta":{"_acf_changed":false},"product_brand":[],"product_cat":[1550,1513,1976],"product_tag":[1904],"class_list":{"0":"post-410682","1":"product","2":"type-product","3":"status-publish","4":"has-post-thumbnail","6":"product_cat-korper-tanz","7":"product_cat-kleidung","8":"product_cat-tutu-und-tutuletten","9":"product_tag-tanztrikot-fur-babys","10":"pa_brand-dl-tanzkleidung","12":"first","13":"instock","14":"shipping-taxable","15":"purchasable","16":"product-type-variable"},"acf":[],"_links":{"self":[{"href":"https:\/\/www.letutudanza.it\/de\/wp-json\/wp\/v2\/product\/410682","targetHints":{"allow":["GET"]}}],"collection":[{"href":"https:\/\/www.letutudanza.it\/de\/wp-json\/wp\/v2\/product"}],"about":[{"href":"https:\/\/www.letutudanza.it\/de\/wp-json\/wp\/v2\/types\/product"}],"wp:featuredmedia":[{"embeddable":true,"href":"https:\/\/www.letutudanza.it\/de\/wp-json\/wp\/v2\/media\/409907"}],"wp:attachment":[{"href":"https:\/\/www.letutudanza.it\/de\/wp-json\/wp\/v2\/media?parent=410682"}],"wp:term":[{"taxonomy":"product_brand","embeddable":true,"href":"https:\/\/www.letutudanza.it\/de\/wp-json\/wp\/v2\/product_brand?post=410682"},{"taxonomy":"product_cat","embeddable":true,"href":"https:\/\/www.letutudanza.it\/de\/wp-json\/wp\/v2\/product_cat?post=410682"},{"taxonomy":"product_tag","embeddable":true,"href":"https:\/\/www.letutudanza.it\/de\/wp-json\/wp\/v2\/product_tag?post=410682"}],"curies":[{"name":"wp","href":"https:\/\/api.w.org\/{rel}","templated":true}]}}