{"id":408645,"date":"2023-09-26T16:50:00","date_gmt":"2023-09-26T14:50:00","guid":{"rendered":"https:\/\/letutudanza.it\/prodotto\/partenope-body-mit-rock"},"modified":"2025-09-12T14:55:04","modified_gmt":"2025-09-12T12:55:04","slug":"body-mit-rock-neapolitanisch","status":"publish","type":"product","link":"https:\/\/www.letutudanza.it\/de\/prodotto\/body-mit-rock-neapolitanisch","title":{"rendered":"Partenope Tanzbody mit R\u00fcschenrock"},"content":{"rendered":"<p>Ideal f\u00fcr Tanzspiele oder Unterkurse<\/p>\n","protected":false},"excerpt":{"rendered":"<p>Rundhals-Body mit drei Kerben vorne und einer hinten, die Eleganz und mehr Tragekomfort garantieren.<\/p>\n<p>Rock in der gleichen Gr\u00f6\u00dfe wie der geraffte und V-f\u00f6rmige Body. Vorne gef\u00fcttert<\/p>\n","protected":false},"featured_media":408531,"template":"","meta":{"_acf_changed":false},"product_brand":[],"product_cat":[1550,1513],"product_tag":[1904],"class_list":{"0":"post-408645","1":"product","2":"type-product","3":"status-publish","4":"has-post-thumbnail","6":"product_cat-korper-tanz","7":"product_cat-kleidung","8":"product_tag-tanztrikot-fur-babys","9":"pa_brand-dl-tanzkleidung","11":"first","12":"instock","13":"shipping-taxable","14":"purchasable","15":"product-type-variable"},"acf":[],"_links":{"self":[{"href":"https:\/\/www.letutudanza.it\/de\/wp-json\/wp\/v2\/product\/408645","targetHints":{"allow":["GET"]}}],"collection":[{"href":"https:\/\/www.letutudanza.it\/de\/wp-json\/wp\/v2\/product"}],"about":[{"href":"https:\/\/www.letutudanza.it\/de\/wp-json\/wp\/v2\/types\/product"}],"wp:featuredmedia":[{"embeddable":true,"href":"https:\/\/www.letutudanza.it\/de\/wp-json\/wp\/v2\/media\/408531"}],"wp:attachment":[{"href":"https:\/\/www.letutudanza.it\/de\/wp-json\/wp\/v2\/media?parent=408645"}],"wp:term":[{"taxonomy":"product_brand","embeddable":true,"href":"https:\/\/www.letutudanza.it\/de\/wp-json\/wp\/v2\/product_brand?post=408645"},{"taxonomy":"product_cat","embeddable":true,"href":"https:\/\/www.letutudanza.it\/de\/wp-json\/wp\/v2\/product_cat?post=408645"},{"taxonomy":"product_tag","embeddable":true,"href":"https:\/\/www.letutudanza.it\/de\/wp-json\/wp\/v2\/product_tag?post=408645"}],"curies":[{"name":"wp","href":"https:\/\/api.w.org\/{rel}","templated":true}]}}