{"id":388391,"date":"2023-06-21T12:26:38","date_gmt":"2023-06-21T10:26:38","guid":{"rendered":"https:\/\/letutudanza.it\/prodotto\/kinesiologie-tape-bunheads"},"modified":"2024-12-25T12:49:09","modified_gmt":"2024-12-25T11:49:09","slug":"kinesiologie-tape-bunheads","status":"publish","type":"product","link":"https:\/\/www.letutudanza.it\/de\/prodotto\/kinesiologie-tape-bunheads","title":{"rendered":"Kinesiologie-Tape \u2013 Bunheads"},"content":{"rendered":"<p>Produktmerkmale:<\/p>\n<ul>\n<li>97 % Baumwolle + 3 % Elasthan, beschichtet mit medizinischem Acrylkleber<\/li>\n<li>Latexfrei<\/li>\n<li>Es reduziert Schwellungen und f\u00f6rdert die Heilung der betroffenen Sehne<\/li>\n<li>Entwickelt f\u00fcr h\u00e4ufige Verletzungen der Oberschenkelmuskulatur, des Kn\u00f6chels, der Wade und der Schulter<\/li>\n<li>Elastisches, aber widerstandsf\u00e4higes Material<\/li>\n<li>5-Meter-Rolle<\/li>\n<\/ul>\n","protected":false},"excerpt":{"rendered":"<p>Kinesiologisches Tape unterst\u00fctzt schmerzende Muskeln und B\u00e4nder.<\/p>\n<p>Dieses mit medizinischem Acrylkleber beschichtete, latexfreie Klebeband soll <strong>Schwellungen reduzieren und die Heilung bei Verletzungen wie Kniesehnen in den Knien, Kn\u00f6cheln, Schultern und anderen Bereichen f\u00f6rdern.<\/strong> <\/p>\n<p>Strapazierf\u00e4hig, aber vor allem elastisch, um die Bewegungen der T\u00e4nzer nicht einzuschr\u00e4nken.<\/p>\n<p>&nbsp;<\/p>\n","protected":false},"featured_media":388386,"template":"","meta":{"_acf_changed":false},"product_brand":[],"product_cat":[1449,1447],"product_tag":[],"class_list":{"0":"post-388391","1":"product","2":"type-product","3":"status-publish","4":"has-post-thumbnail","6":"product_cat-dehnen-und-trainieren","7":"product_cat-zubehor","8":"pa_brand-bunheads-de","10":"first","11":"instock","12":"shipping-taxable","13":"purchasable","14":"product-type-simple"},"acf":[],"_links":{"self":[{"href":"https:\/\/www.letutudanza.it\/de\/wp-json\/wp\/v2\/product\/388391","targetHints":{"allow":["GET"]}}],"collection":[{"href":"https:\/\/www.letutudanza.it\/de\/wp-json\/wp\/v2\/product"}],"about":[{"href":"https:\/\/www.letutudanza.it\/de\/wp-json\/wp\/v2\/types\/product"}],"wp:featuredmedia":[{"embeddable":true,"href":"https:\/\/www.letutudanza.it\/de\/wp-json\/wp\/v2\/media\/388386"}],"wp:attachment":[{"href":"https:\/\/www.letutudanza.it\/de\/wp-json\/wp\/v2\/media?parent=388391"}],"wp:term":[{"taxonomy":"product_brand","embeddable":true,"href":"https:\/\/www.letutudanza.it\/de\/wp-json\/wp\/v2\/product_brand?post=388391"},{"taxonomy":"product_cat","embeddable":true,"href":"https:\/\/www.letutudanza.it\/de\/wp-json\/wp\/v2\/product_cat?post=388391"},{"taxonomy":"product_tag","embeddable":true,"href":"https:\/\/www.letutudanza.it\/de\/wp-json\/wp\/v2\/product_tag?post=388391"}],"curies":[{"name":"wp","href":"https:\/\/api.w.org\/{rel}","templated":true}]}}