{"id":388078,"date":"2023-05-27T12:02:15","date_gmt":"2023-05-27T10:02:15","guid":{"rendered":"https:\/\/letutudanza.it\/prodotto\/braune-haarnadeln-packung"},"modified":"2025-12-12T15:49:49","modified_gmt":"2025-12-12T14:49:49","slug":"box-haarnadeln-braun","status":"publish","type":"product","link":"https:\/\/www.letutudanza.it\/de\/prodotto\/box-haarnadeln-braun","title":{"rendered":"Packung Haarnadeln f\u00fcr Chignon 8 St\u00fcck"},"content":{"rendered":"","protected":false},"excerpt":{"rendered":"<p>Packung mit 8 Haarnadeln, ideal f\u00fcr Duttfrisuren.<br \/>\n Erh\u00e4ltlich in Schwarz und Braun<\/p>\n<p> L\u00e4nge: 8 cm<br \/>\n Durchmesser: 1,2 mm<\/p>\n","protected":false},"featured_media":388073,"template":"","meta":{"_acf_changed":false},"product_brand":[],"product_cat":[1539,1447],"product_tag":[],"class_list":{"0":"post-388078","1":"product","2":"type-product","3":"status-publish","4":"has-post-thumbnail","6":"product_cat-haarzubehor-und-chignon","7":"product_cat-zubehor","8":"pa_brand-girardi-de","10":"first","11":"instock","12":"shipping-taxable","13":"purchasable","14":"product-type-variable"},"acf":[],"_links":{"self":[{"href":"https:\/\/www.letutudanza.it\/de\/wp-json\/wp\/v2\/product\/388078","targetHints":{"allow":["GET"]}}],"collection":[{"href":"https:\/\/www.letutudanza.it\/de\/wp-json\/wp\/v2\/product"}],"about":[{"href":"https:\/\/www.letutudanza.it\/de\/wp-json\/wp\/v2\/types\/product"}],"wp:featuredmedia":[{"embeddable":true,"href":"https:\/\/www.letutudanza.it\/de\/wp-json\/wp\/v2\/media\/388073"}],"wp:attachment":[{"href":"https:\/\/www.letutudanza.it\/de\/wp-json\/wp\/v2\/media?parent=388078"}],"wp:term":[{"taxonomy":"product_brand","embeddable":true,"href":"https:\/\/www.letutudanza.it\/de\/wp-json\/wp\/v2\/product_brand?post=388078"},{"taxonomy":"product_cat","embeddable":true,"href":"https:\/\/www.letutudanza.it\/de\/wp-json\/wp\/v2\/product_cat?post=388078"},{"taxonomy":"product_tag","embeddable":true,"href":"https:\/\/www.letutudanza.it\/de\/wp-json\/wp\/v2\/product_tag?post=388078"}],"curies":[{"name":"wp","href":"https:\/\/api.w.org\/{rel}","templated":true}]}}