{"id":388003,"date":"2023-05-27T11:01:51","date_gmt":"2023-05-27T09:01:51","guid":{"rendered":"https:\/\/letutudanza.it\/?post_type=product&#038;p=388003"},"modified":"2025-12-10T14:18:01","modified_gmt":"2025-12-10T13:18:01","slug":"demi-pointe-black-stretch-canvas-vanie-danzes-vous","status":"publish","type":"product","link":"https:\/\/www.letutudanza.it\/de\/prodotto\/demi-pointe-black-stretch-canvas-vanie-danzes-vous","title":{"rendered":"Vanie \u2013 Schwarze Stretch-Halbspitzen-Tanzschuhe aus Canvas \u2013 Tanzen Sie f\u00fcr Sie?"},"content":{"rendered":"<p>Exzellenter Wert f\u00fcr Geld !<\/p>\n","protected":false},"excerpt":{"rendered":"<p>Schwarzer Halbschuh aus elastischem Canvas, doppelt geteilte Sohle aus Vollveloursleder.<br \/>\n Elastischer Rand ohne Kordelzug und vorgen\u00e4hte Gummib\u00e4nder sorgen f\u00fcr eine perfekte Passform am Spann.<br \/>\n Durch die konturierte Verarbeitung und die extra flachen Falten ist es f\u00fcr jeden Fu\u00dftyp geeignet.<\/p>\n<p> NB Aufgrund des au\u00dfergew\u00f6hnlichen Griffs empfehlen wir, mindestens eine Nummer gr\u00f6\u00dfer zu kaufen<\/p>\n","protected":false},"featured_media":388054,"template":"","meta":{"_acf_changed":false},"product_brand":[],"product_cat":[1864,2782,1617,1935],"product_tag":[],"class_list":{"0":"post-388003","1":"product","2":"type-product","3":"status-publish","4":"has-post-thumbnail","6":"product_cat-halb-punkt-tanz","7":"product_cat-halbzeiger-dansez-vous","8":"product_cat-schuhe","9":"product_cat-tanzschuhe-fur-herren","10":"pa_brand-dansez-vous-de","12":"first","13":"instock","14":"shipping-taxable","15":"purchasable","16":"product-type-variable"},"acf":[],"_links":{"self":[{"href":"https:\/\/www.letutudanza.it\/de\/wp-json\/wp\/v2\/product\/388003","targetHints":{"allow":["GET"]}}],"collection":[{"href":"https:\/\/www.letutudanza.it\/de\/wp-json\/wp\/v2\/product"}],"about":[{"href":"https:\/\/www.letutudanza.it\/de\/wp-json\/wp\/v2\/types\/product"}],"wp:featuredmedia":[{"embeddable":true,"href":"https:\/\/www.letutudanza.it\/de\/wp-json\/wp\/v2\/media\/388054"}],"wp:attachment":[{"href":"https:\/\/www.letutudanza.it\/de\/wp-json\/wp\/v2\/media?parent=388003"}],"wp:term":[{"taxonomy":"product_brand","embeddable":true,"href":"https:\/\/www.letutudanza.it\/de\/wp-json\/wp\/v2\/product_brand?post=388003"},{"taxonomy":"product_cat","embeddable":true,"href":"https:\/\/www.letutudanza.it\/de\/wp-json\/wp\/v2\/product_cat?post=388003"},{"taxonomy":"product_tag","embeddable":true,"href":"https:\/\/www.letutudanza.it\/de\/wp-json\/wp\/v2\/product_tag?post=388003"}],"curies":[{"name":"wp","href":"https:\/\/api.w.org\/{rel}","templated":true}]}}