{"id":387553,"date":"2023-05-12T16:31:19","date_gmt":"2023-05-12T14:31:19","guid":{"rendered":"https:\/\/letutudanza.it\/prodotto\/spitzenschuhband-kuechenset-sansha"},"modified":"2024-12-25T12:49:11","modified_gmt":"2024-12-25T11:49:11","slug":"kit-for-kitchen-bander-zu-spitzenschuhen-sansha","status":"publish","type":"product","link":"https:\/\/www.letutudanza.it\/de\/prodotto\/kit-for-kitchen-bander-zu-spitzenschuhen-sansha","title":{"rendered":"Tipps-Zubeh\u00f6r-Set \u2013 Sansha"},"content":{"rendered":"<ul>\n<li>Bereiten Sie Ihre Spitzenschuhe nach Ihren Bed\u00fcrfnissen vor!<br \/>\nDas N\u00e4hset enth\u00e4lt folgende Artikel:<\/p>\n<ul>\n<li>kleine Rolle rosa Faden<\/li>\n<li>2 Sicherheitsnadeln<\/li>\n<li>2 N\u00e4hnadeln<\/li>\n<li>Satinb\u00e4nder<\/li>\n<li>Gummib\u00e4nder f\u00fcr ein Paar Spitzenschuhe<\/li>\n<li>offener Saum<\/li>\n<\/ul>\n<\/li>\n<\/ul>\n","protected":false},"excerpt":{"rendered":"<p>Metallbox mit Sansha-Logo, die alles enth\u00e4lt, was Sie zum Ann\u00e4hen von B\u00e4ndern an Ihre Spitzenschuhe ben\u00f6tigen.<br \/>\nweinrote Farbe<\/p>\n<p>Hinweis: Das Kit kann f\u00fcr jeden Spitzenschuh verwendet werden<\/p>\n","protected":false},"featured_media":387527,"template":"","meta":{"_acf_changed":false},"product_brand":[],"product_cat":[1448,1447],"product_tag":[],"class_list":{"0":"post-387553","1":"product","2":"type-product","3":"status-publish","4":"has-post-thumbnail","6":"product_cat-zubehor-fur-schuhe-und-fusse","7":"product_cat-zubehor","8":"pa_brand-sanscha","10":"first","11":"outofstock","12":"downloadable","13":"shipping-taxable","14":"purchasable","15":"product-type-simple"},"acf":[],"_links":{"self":[{"href":"https:\/\/www.letutudanza.it\/de\/wp-json\/wp\/v2\/product\/387553","targetHints":{"allow":["GET"]}}],"collection":[{"href":"https:\/\/www.letutudanza.it\/de\/wp-json\/wp\/v2\/product"}],"about":[{"href":"https:\/\/www.letutudanza.it\/de\/wp-json\/wp\/v2\/types\/product"}],"wp:featuredmedia":[{"embeddable":true,"href":"https:\/\/www.letutudanza.it\/de\/wp-json\/wp\/v2\/media\/387527"}],"wp:attachment":[{"href":"https:\/\/www.letutudanza.it\/de\/wp-json\/wp\/v2\/media?parent=387553"}],"wp:term":[{"taxonomy":"product_brand","embeddable":true,"href":"https:\/\/www.letutudanza.it\/de\/wp-json\/wp\/v2\/product_brand?post=387553"},{"taxonomy":"product_cat","embeddable":true,"href":"https:\/\/www.letutudanza.it\/de\/wp-json\/wp\/v2\/product_cat?post=387553"},{"taxonomy":"product_tag","embeddable":true,"href":"https:\/\/www.letutudanza.it\/de\/wp-json\/wp\/v2\/product_tag?post=387553"}],"curies":[{"name":"wp","href":"https:\/\/api.w.org\/{rel}","templated":true}]}}