{"id":387522,"date":"2023-05-13T10:35:23","date_gmt":"2023-05-13T08:35:23","guid":{"rendered":"https:\/\/letutudanza.it\/prodotto\/bloch-elastorib-zehenband"},"modified":"2026-01-21T11:44:00","modified_gmt":"2026-01-21T10:44:00","slug":"bloch-elastorib-spitzenband","status":"publish","type":"product","link":"https:\/\/www.letutudanza.it\/de\/prodotto\/bloch-elastorib-spitzenband","title":{"rendered":"Bloch Elastorib-Zehenband"},"content":{"rendered":"","protected":false},"excerpt":{"rendered":"<p>Tape mit eingen\u00e4htem elastischem Einsatz: Dieses spezielle Tape erleichtert die Bewegung vom Pli\u00e9 zur Spitze und tr\u00e4gt dazu bei, die Spannung auf der Achillessehne zu reduzieren.<\/p>\n<p> Packung mit 4 vorgeschnittenen B\u00e4ndern, ausreichend f\u00fcr ein Paar Spitzenschuhe.<\/p>\n","protected":false},"featured_media":387520,"template":"","meta":{"_acf_changed":false},"product_brand":[],"product_cat":[1448,1447],"product_tag":[],"class_list":{"0":"post-387522","1":"product","2":"type-product","3":"status-publish","4":"has-post-thumbnail","6":"product_cat-zubehor-fur-schuhe-und-fusse","7":"product_cat-zubehor","8":"pa_brand-bloch-de","10":"first","11":"instock","12":"shipping-taxable","13":"purchasable","14":"product-type-simple"},"acf":[],"_links":{"self":[{"href":"https:\/\/www.letutudanza.it\/de\/wp-json\/wp\/v2\/product\/387522","targetHints":{"allow":["GET"]}}],"collection":[{"href":"https:\/\/www.letutudanza.it\/de\/wp-json\/wp\/v2\/product"}],"about":[{"href":"https:\/\/www.letutudanza.it\/de\/wp-json\/wp\/v2\/types\/product"}],"wp:featuredmedia":[{"embeddable":true,"href":"https:\/\/www.letutudanza.it\/de\/wp-json\/wp\/v2\/media\/387520"}],"wp:attachment":[{"href":"https:\/\/www.letutudanza.it\/de\/wp-json\/wp\/v2\/media?parent=387522"}],"wp:term":[{"taxonomy":"product_brand","embeddable":true,"href":"https:\/\/www.letutudanza.it\/de\/wp-json\/wp\/v2\/product_brand?post=387522"},{"taxonomy":"product_cat","embeddable":true,"href":"https:\/\/www.letutudanza.it\/de\/wp-json\/wp\/v2\/product_cat?post=387522"},{"taxonomy":"product_tag","embeddable":true,"href":"https:\/\/www.letutudanza.it\/de\/wp-json\/wp\/v2\/product_tag?post=387522"}],"curies":[{"name":"wp","href":"https:\/\/api.w.org\/{rel}","templated":true}]}}