{"id":385344,"date":"2022-12-22T15:18:34","date_gmt":"2022-12-22T14:18:34","guid":{"rendered":"https:\/\/letutudanza.it\/prodotto\/intermezzo-aufwaermhose"},"modified":"2026-01-30T13:52:49","modified_gmt":"2026-01-30T12:52:49","slug":"aufwarm-intermezzo-hose","status":"publish","type":"product","link":"https:\/\/www.letutudanza.it\/de\/prodotto\/aufwarm-intermezzo-hose","title":{"rendered":"Aufw\u00e4rmhose f\u00fcr den Intermezzo-Tanz"},"content":{"rendered":"<p>Nachfolgend finden Sie die Gr\u00f6\u00dfentabelle:<\/p>\n<p><img decoding=\"async\" class=\"alignnone wp-image-318494\" src=\"https:\/\/www.letutudanza.it\/wp-content\/uploads\/2022\/12\/Size-guide-woman-300x123.jpg\" alt=\"\" width=\"556\" height=\"228\" srcset=\"https:\/\/www.letutudanza.it\/wp-content\/uploads\/2022\/12\/Size-guide-woman-300x123.jpg 300w, https:\/\/www.letutudanza.it\/wp-content\/uploads\/2022\/12\/Size-guide-woman-768x315.jpg 768w, https:\/\/www.letutudanza.it\/wp-content\/uploads\/2022\/12\/Size-guide-woman-150x62.jpg 150w, https:\/\/www.letutudanza.it\/wp-content\/uploads\/2022\/12\/Size-guide-woman.jpg 1000w\" sizes=\"(max-width: 556px) 100vw, 556px\" \/><\/p>\n","protected":false},"excerpt":{"rendered":"<p>Trainingshose mit hochrollbarem Bund.<br \/>\n Das gerippte Strickb\u00fcndchen am Kn\u00f6chel sorgt f\u00fcr eine bessere Passform der Hose.<\/p>\n<p> Erh\u00e4ltlich in Schwarz<br \/>\n Material: 100 % Acryl<\/p>\n<p>&nbsp;<\/p>\n<p>&nbsp;<\/p>\n","protected":false},"featured_media":326750,"template":"","meta":{"_acf_changed":false},"product_brand":[],"product_cat":[1597,1494,1513,1522],"product_tag":[],"class_list":{"0":"post-385344","1":"product","2":"type-product","3":"status-publish","4":"has-post-thumbnail","6":"product_cat-anzuge","7":"product_cat-hosen-und-shorts","8":"product_cat-kleidung","9":"product_cat-sich-warm-laufen","10":"pa_brand-zwischenspiel","12":"first","13":"instock","14":"shipping-taxable","15":"purchasable","16":"product-type-variable"},"acf":[],"_links":{"self":[{"href":"https:\/\/www.letutudanza.it\/de\/wp-json\/wp\/v2\/product\/385344","targetHints":{"allow":["GET"]}}],"collection":[{"href":"https:\/\/www.letutudanza.it\/de\/wp-json\/wp\/v2\/product"}],"about":[{"href":"https:\/\/www.letutudanza.it\/de\/wp-json\/wp\/v2\/types\/product"}],"wp:featuredmedia":[{"embeddable":true,"href":"https:\/\/www.letutudanza.it\/de\/wp-json\/wp\/v2\/media\/326750"}],"wp:attachment":[{"href":"https:\/\/www.letutudanza.it\/de\/wp-json\/wp\/v2\/media?parent=385344"}],"wp:term":[{"taxonomy":"product_brand","embeddable":true,"href":"https:\/\/www.letutudanza.it\/de\/wp-json\/wp\/v2\/product_brand?post=385344"},{"taxonomy":"product_cat","embeddable":true,"href":"https:\/\/www.letutudanza.it\/de\/wp-json\/wp\/v2\/product_cat?post=385344"},{"taxonomy":"product_tag","embeddable":true,"href":"https:\/\/www.letutudanza.it\/de\/wp-json\/wp\/v2\/product_tag?post=385344"}],"curies":[{"name":"wp","href":"https:\/\/api.w.org\/{rel}","templated":true}]}}