{"id":385286,"date":"2023-01-10T16:03:49","date_gmt":"2023-01-10T15:03:49","guid":{"rendered":"https:\/\/letutudanza.it\/prodotto\/koerper-ozeanien-im-angebot"},"modified":"2025-09-22T10:52:40","modified_gmt":"2025-09-22T08:52:40","slug":"korper-ozeanien-im-angebot","status":"publish","type":"product","link":"https:\/\/www.letutudanza.it\/de\/prodotto\/korper-ozeanien-im-angebot","title":{"rendered":"Tanztrikot mit R\u00fcckenausschnitt und Top-Effekt"},"content":{"rendered":"<p>K\u00f6rper Ozeanien. Tank-Top-Model-Body mit normalem Ausschnitt. R\u00fcckenausschnitt mit Top-Effekt mit Schulterausschnitt und R\u00fccken. Der Body ist komplett schwarz gef\u00fcttert und gef\u00fcttert und aus Baumwolle gefertigt.<\/p>\n<p>&nbsp;<\/p>\n","protected":false},"excerpt":{"rendered":"<p>Tanktop-Body mit rundem Ausschnitt auf der Vorderseite.<br \/>\n Tieferer Ausschnitt hinten mit Schulterblattband f\u00fcr einen Top-Effekt.<\/p>\n<p> Erh\u00e4ltlich in Lycra und Baumwolle in den auf dem Foto gezeigten Farben<\/p>\n<p> Gef\u00fctterte Vorderseite<\/p>\n","protected":false},"featured_media":410087,"template":"","meta":{"_acf_changed":false},"product_brand":[],"product_cat":[1521,1451],"product_tag":[],"class_list":{"0":"post-385286","1":"product","2":"type-product","3":"status-publish","4":"has-post-thumbnail","6":"product_cat-auslasskorper","7":"product_cat-auslauf","8":"pa_brand-dl-tanzkleidung","10":"first","11":"instock","12":"shipping-taxable","13":"purchasable","14":"product-type-variable"},"acf":[],"_links":{"self":[{"href":"https:\/\/www.letutudanza.it\/de\/wp-json\/wp\/v2\/product\/385286","targetHints":{"allow":["GET"]}}],"collection":[{"href":"https:\/\/www.letutudanza.it\/de\/wp-json\/wp\/v2\/product"}],"about":[{"href":"https:\/\/www.letutudanza.it\/de\/wp-json\/wp\/v2\/types\/product"}],"wp:featuredmedia":[{"embeddable":true,"href":"https:\/\/www.letutudanza.it\/de\/wp-json\/wp\/v2\/media\/410087"}],"wp:attachment":[{"href":"https:\/\/www.letutudanza.it\/de\/wp-json\/wp\/v2\/media?parent=385286"}],"wp:term":[{"taxonomy":"product_brand","embeddable":true,"href":"https:\/\/www.letutudanza.it\/de\/wp-json\/wp\/v2\/product_brand?post=385286"},{"taxonomy":"product_cat","embeddable":true,"href":"https:\/\/www.letutudanza.it\/de\/wp-json\/wp\/v2\/product_cat?post=385286"},{"taxonomy":"product_tag","embeddable":true,"href":"https:\/\/www.letutudanza.it\/de\/wp-json\/wp\/v2\/product_tag?post=385286"}],"curies":[{"name":"wp","href":"https:\/\/api.w.org\/{rel}","templated":true}]}}