{"id":385284,"date":"2023-01-25T18:10:11","date_gmt":"2023-01-25T17:10:11","guid":{"rendered":"https:\/\/letutudanza.it\/prodotto\/spitzenschuhe-bloch-hannah"},"modified":"2026-01-07T14:43:27","modified_gmt":"2026-01-07T13:43:27","slug":"bloch-hannah-spitzenschuhe","status":"publish","type":"product","link":"https:\/\/www.letutudanza.it\/de\/prodotto\/bloch-hannah-spitzenschuhe","title":{"rendered":"Bloch Hannah Spitzentanzschuhe"},"content":{"rendered":"<p>Hannah Spitzenschuhe sind leicht und flexibel und wurden entwickelt, um die Fu\u00dfmuskulatur zu st\u00e4rken und zu entwickeln.<br \/>\nIdeal f\u00fcr Zwischenkurse.<\/p>\n<p><strong>Eigenschaften<\/strong><\/p>\n<ul>\n<li>Leichte Schuhe, ideal f\u00fcr T\u00e4nzer, die ihre Fu\u00dfmuskulatur st\u00e4rken und entwickeln m\u00f6chten<\/li>\n<li>Die breite und sich verj\u00fcngende Box sorgt f\u00fcr eine optimale Passform, die es dem Fu\u00df erm\u00f6glicht, alle wichtigen Kontaktpunkte innerhalb der Box und auf der Innensohle zu ber\u00fchren<\/li>\n<li>Die weiche, gew\u00f6lbte Innensohle unterst\u00fctzt den Fu\u00df beim Spitzentanz<\/li>\n<li>Ausgestattet mit einem Kordelzug mit elastischer Kordel<\/li>\n<\/ul>\n<p><strong>NB VERF\u00dcGBAR IM PLAN XX<\/strong><\/p>\n","protected":false},"excerpt":{"rendered":"<p>Hannah-Spitzenschuhe sind leicht und flexibel und wurden entwickelt, um die Fu\u00dfmuskulatur zu st\u00e4rken und zu entwickeln.<br \/>\n Hervorragend geeignet f\u00fcr fortgeschrittene Studieng\u00e4nge.<\/p>\n<p><strong>Eigenschaften<\/strong><\/p>\n<ul>\n<li>Leichte Schuhe, ideal f\u00fcr T\u00e4nzer, die ihre Fu\u00dfmuskulatur st\u00e4rken und entwickeln m\u00f6chten<\/li>\n<li>Die breite und sich verj\u00fcngende Box sorgt f\u00fcr eine optimale Passform, die es dem Fu\u00df erm\u00f6glicht, alle wichtigen Kontaktpunkte innerhalb der Box und auf der Innensohle zu ber\u00fchren<\/li>\n<li>Die weiche, gew\u00f6lbte Innensohle unterst\u00fctzt den Fu\u00df beim Spitzentanz<\/li>\n<li>Ausgestattet mit einem Kordelzug mit elastischer Kordel<\/li>\n<\/ul>\n<p><strong>NB VERF\u00dcGBAR IM PLAN XX<\/strong><\/p>\n<p>&nbsp;<\/p>\n","protected":false},"featured_media":326818,"template":"","meta":{"_acf_changed":false},"product_brand":[],"product_cat":[2683,1617,1663],"product_tag":[],"class_list":{"0":"post-385284","1":"product","2":"type-product","3":"status-publish","4":"has-post-thumbnail","6":"product_cat-bloch-spitzenschuhe","7":"product_cat-schuhe","8":"product_cat-spitzenschuhe","9":"pa_brand-bloch-de","11":"first","12":"instock","13":"shipping-taxable","14":"purchasable","15":"product-type-variable"},"acf":[],"_links":{"self":[{"href":"https:\/\/www.letutudanza.it\/de\/wp-json\/wp\/v2\/product\/385284","targetHints":{"allow":["GET"]}}],"collection":[{"href":"https:\/\/www.letutudanza.it\/de\/wp-json\/wp\/v2\/product"}],"about":[{"href":"https:\/\/www.letutudanza.it\/de\/wp-json\/wp\/v2\/types\/product"}],"wp:featuredmedia":[{"embeddable":true,"href":"https:\/\/www.letutudanza.it\/de\/wp-json\/wp\/v2\/media\/326818"}],"wp:attachment":[{"href":"https:\/\/www.letutudanza.it\/de\/wp-json\/wp\/v2\/media?parent=385284"}],"wp:term":[{"taxonomy":"product_brand","embeddable":true,"href":"https:\/\/www.letutudanza.it\/de\/wp-json\/wp\/v2\/product_brand?post=385284"},{"taxonomy":"product_cat","embeddable":true,"href":"https:\/\/www.letutudanza.it\/de\/wp-json\/wp\/v2\/product_cat?post=385284"},{"taxonomy":"product_tag","embeddable":true,"href":"https:\/\/www.letutudanza.it\/de\/wp-json\/wp\/v2\/product_tag?post=385284"}],"curies":[{"name":"wp","href":"https:\/\/api.w.org\/{rel}","templated":true}]}}