{"id":385227,"date":"2023-03-01T19:25:17","date_gmt":"2023-03-01T18:25:17","guid":{"rendered":"https:\/\/letutudanza.it\/prodotto\/pridance-strumpfhose-ohne-fuss-farbe-pink"},"modified":"2025-12-22T11:55:52","modified_gmt":"2025-12-22T10:55:52","slug":"rosafarbene-pridance-fuslose-strumpfhose","status":"publish","type":"product","link":"https:\/\/www.letutudanza.it\/de\/prodotto\/rosafarbene-pridance-fuslose-strumpfhose","title":{"rendered":"Rosa Tanzstrumpfhose ohne Fu\u00df von Pridance"},"content":{"rendered":"<p>Tanzleggings ohne Fu\u00df mit elastischem Bund. Perfekte Passform und Passform. Leuchteffekt, 60 den.<br \/>\nZusammensetzung 85 % Polyamid &#8211; 15 % Elasthan.<\/p>\n<p><strong>Hinweis:<\/strong> Umtausch und\/oder R\u00fcckgabe sind f\u00fcr diesen Artikel nicht m\u00f6glich<\/p>\n","protected":false},"excerpt":{"rendered":"<p>Fu\u00dflose Tanzleggings mit elastischem Bund.<br \/>\n Passt perfekt. Lichteffekt, 60 den.<br \/>\n Zusammensetzung: 85 % Polyamid, 15 % Elastan.<\/p>\n<p><strong>Hinweis:<\/strong> Umtausch und\/oder R\u00fcckgabe sind f\u00fcr diesen Artikel nicht m\u00f6glich<\/p>\n","protected":false},"featured_media":483375,"template":"","meta":{"_acf_changed":false},"product_brand":[],"product_cat":[1450],"product_tag":[],"class_list":{"0":"post-385227","1":"product","2":"type-product","3":"status-publish","4":"has-post-thumbnail","6":"product_cat-tanz-und-tanzsocken","7":"pa_brand-pridance-de","9":"first","10":"instock","11":"shipping-taxable","12":"purchasable","13":"product-type-variable"},"acf":[],"_links":{"self":[{"href":"https:\/\/www.letutudanza.it\/de\/wp-json\/wp\/v2\/product\/385227","targetHints":{"allow":["GET"]}}],"collection":[{"href":"https:\/\/www.letutudanza.it\/de\/wp-json\/wp\/v2\/product"}],"about":[{"href":"https:\/\/www.letutudanza.it\/de\/wp-json\/wp\/v2\/types\/product"}],"wp:featuredmedia":[{"embeddable":true,"href":"https:\/\/www.letutudanza.it\/de\/wp-json\/wp\/v2\/media\/483375"}],"wp:attachment":[{"href":"https:\/\/www.letutudanza.it\/de\/wp-json\/wp\/v2\/media?parent=385227"}],"wp:term":[{"taxonomy":"product_brand","embeddable":true,"href":"https:\/\/www.letutudanza.it\/de\/wp-json\/wp\/v2\/product_brand?post=385227"},{"taxonomy":"product_cat","embeddable":true,"href":"https:\/\/www.letutudanza.it\/de\/wp-json\/wp\/v2\/product_cat?post=385227"},{"taxonomy":"product_tag","embeddable":true,"href":"https:\/\/www.letutudanza.it\/de\/wp-json\/wp\/v2\/product_tag?post=385227"}],"curies":[{"name":"wp","href":"https:\/\/api.w.org\/{rel}","templated":true}]}}