{"id":385167,"date":"2023-03-01T19:41:34","date_gmt":"2023-03-01T18:41:34","guid":{"rendered":"https:\/\/letutudanza.it\/prodotto\/basic-pridance-netzstrumpfhose"},"modified":"2026-05-09T18:06:34","modified_gmt":"2026-05-09T16:06:34","slug":"basic-netzstrumpfhose","status":"publish","type":"product","link":"https:\/\/www.letutudanza.it\/de\/prodotto\/basic-netzstrumpfhose","title":{"rendered":"Pridance Basic Netzstrumpfhose"},"content":{"rendered":"<p>Nahtlose Netzstrumpfhose.<br \/>\nDiese Strumpfhose ist leicht und bequem, sie hat ein Netz in voller Gr\u00f6\u00dfe, das sehr dehnbar ist.<br \/>\nZusammensetzung: 80 % POLYAMID 20 % ELASTHAN<\/p>\n<p>Hinweis: Umtausch und\/oder R\u00fcckgabe sind f\u00fcr diesen Artikel nicht m\u00f6glich<\/p>\n","protected":false},"excerpt":{"rendered":"<p><span dir=\"auto\" style=\"vertical-align: inherit;\"><span dir=\"auto\" style=\"vertical-align: inherit;\">Nahtlose Netzstrumpfhose.<\/span><\/span><br \/>\n <span dir=\"auto\" style=\"vertical-align: inherit;\"><span dir=\"auto\" style=\"vertical-align: inherit;\">Sie sind leicht und bequem und verf\u00fcgen \u00fcber ein standardgro\u00dfes und sehr elastisches Netzgewebe.<\/span><\/span><br \/>\n <span dir=\"auto\" style=\"vertical-align: inherit;\"><span dir=\"auto\" style=\"vertical-align: inherit;\">Zusammensetzung: 80 % Polyamid, 20 % Elastan<\/span><\/span><br \/>\n <span dir=\"auto\" style=\"vertical-align: inherit;\"><span dir=\"auto\" style=\"vertical-align: inherit;\">Bernsteinfarben<\/span><\/span><\/p>\n<p> <span dir=\"auto\" style=\"vertical-align: inherit;\"><span dir=\"auto\" style=\"vertical-align: inherit;\">Hinweis: Umtausch und\/oder R\u00fcckgabe dieses Artikels sind nicht m\u00f6glich.<\/span><\/span><\/p>\n","protected":false},"featured_media":387751,"template":"","meta":{"_acf_changed":false},"product_brand":[],"product_cat":[1450],"product_tag":[],"class_list":{"0":"post-385167","1":"product","2":"type-product","3":"status-publish","4":"has-post-thumbnail","6":"product_cat-tanz-und-tanzsocken","7":"pa_brand-pridance-de","9":"first","10":"instock","11":"shipping-taxable","12":"purchasable","13":"product-type-variable"},"acf":[],"_links":{"self":[{"href":"https:\/\/www.letutudanza.it\/de\/wp-json\/wp\/v2\/product\/385167","targetHints":{"allow":["GET"]}}],"collection":[{"href":"https:\/\/www.letutudanza.it\/de\/wp-json\/wp\/v2\/product"}],"about":[{"href":"https:\/\/www.letutudanza.it\/de\/wp-json\/wp\/v2\/types\/product"}],"wp:featuredmedia":[{"embeddable":true,"href":"https:\/\/www.letutudanza.it\/de\/wp-json\/wp\/v2\/media\/387751"}],"wp:attachment":[{"href":"https:\/\/www.letutudanza.it\/de\/wp-json\/wp\/v2\/media?parent=385167"}],"wp:term":[{"taxonomy":"product_brand","embeddable":true,"href":"https:\/\/www.letutudanza.it\/de\/wp-json\/wp\/v2\/product_brand?post=385167"},{"taxonomy":"product_cat","embeddable":true,"href":"https:\/\/www.letutudanza.it\/de\/wp-json\/wp\/v2\/product_cat?post=385167"},{"taxonomy":"product_tag","embeddable":true,"href":"https:\/\/www.letutudanza.it\/de\/wp-json\/wp\/v2\/product_tag?post=385167"}],"curies":[{"name":"wp","href":"https:\/\/api.w.org\/{rel}","templated":true}]}}