{"id":383892,"date":"2021-11-25T12:05:36","date_gmt":"2021-11-25T11:05:36","guid":{"rendered":"https:\/\/letutudanza.it\/prodotto\/weisse-tanzsocken"},"modified":"2026-03-05T09:39:50","modified_gmt":"2026-03-05T08:39:50","slug":"sockentanz-weis","status":"publish","type":"product","link":"https:\/\/www.letutudanza.it\/de\/prodotto\/sockentanz-weis","title":{"rendered":"Wei\u00dfe Tanzsocken"},"content":{"rendered":"<p>Ideal f\u00fcr zeitgen\u00f6ssischen Tanz<\/p>\n","protected":false},"excerpt":{"rendered":"<p>Wei\u00dfe Tanzsocken. Hergestellt aus weicher Mikrofaser und garantiert durch die in Italien hergestellte Qualit\u00e4t von Pridance.<\/p>\n<p>Zusammensetzung: 98 % Polyamid 2 % Elastan<br \/>\n<strong>NB:<\/strong> Umtausch und\/oder R\u00fcckgabe f\u00fcr diese Art von Artikeln sind nicht m\u00f6glich<\/p>\n","protected":false},"featured_media":483400,"template":"","meta":{"_acf_changed":false},"product_brand":[],"product_cat":[1450,2114,1447,1448],"product_tag":[],"class_list":{"0":"post-383892","1":"product","2":"type-product","3":"status-publish","4":"has-post-thumbnail","6":"product_cat-tanz-und-tanzsocken","7":"product_cat-schuhe-fur-zeitgenossischen-tanz","8":"product_cat-zubehor","9":"product_cat-zubehor-fur-schuhe-und-fusse","10":"pa_brand-pridance-de","12":"first","13":"instock","14":"shipping-taxable","15":"purchasable","16":"product-type-variable"},"acf":[],"_links":{"self":[{"href":"https:\/\/www.letutudanza.it\/de\/wp-json\/wp\/v2\/product\/383892","targetHints":{"allow":["GET"]}}],"collection":[{"href":"https:\/\/www.letutudanza.it\/de\/wp-json\/wp\/v2\/product"}],"about":[{"href":"https:\/\/www.letutudanza.it\/de\/wp-json\/wp\/v2\/types\/product"}],"wp:featuredmedia":[{"embeddable":true,"href":"https:\/\/www.letutudanza.it\/de\/wp-json\/wp\/v2\/media\/483400"}],"wp:attachment":[{"href":"https:\/\/www.letutudanza.it\/de\/wp-json\/wp\/v2\/media?parent=383892"}],"wp:term":[{"taxonomy":"product_brand","embeddable":true,"href":"https:\/\/www.letutudanza.it\/de\/wp-json\/wp\/v2\/product_brand?post=383892"},{"taxonomy":"product_cat","embeddable":true,"href":"https:\/\/www.letutudanza.it\/de\/wp-json\/wp\/v2\/product_cat?post=383892"},{"taxonomy":"product_tag","embeddable":true,"href":"https:\/\/www.letutudanza.it\/de\/wp-json\/wp\/v2\/product_tag?post=383892"}],"curies":[{"name":"wp","href":"https:\/\/api.w.org\/{rel}","templated":true}]}}