{"id":383819,"date":"2021-07-13T23:24:59","date_gmt":"2021-07-13T21:24:59","guid":{"rendered":"https:\/\/letutudanza.it\/prodotto\/pridance-professionelle-netzstrumpfhose"},"modified":"2026-03-23T16:04:54","modified_gmt":"2026-03-23T15:04:54","slug":"professionelle-netzstrumpfhose-pridance-2","status":"publish","type":"product","link":"https:\/\/www.letutudanza.it\/de\/prodotto\/professionelle-netzstrumpfhose-pridance-2","title":{"rendered":"Pridance Professionelle Netzstrumpfhose"},"content":{"rendered":"<p>Ideal f\u00fcr Gesellschaftstanz.<\/p>\n","protected":false},"excerpt":{"rendered":"<p>Extrem starke und strapazierf\u00e4hige Netzstrumpfhosen.<br \/>\n Hergestellt mit einem verst\u00e4rkten elastischen Bund und einer rutschfesten Innensohle, die der Fu\u00dfsohle zus\u00e4tzlichen Komfort bietet.<br \/>\n Sonnenfarbe<\/p>\n<p> Zusammensetzung: 80 % Polyamid, 20 % Elastan<\/p>\n<p> <strong>Hinweis:<\/strong> Umtausch und\/oder R\u00fcckgabe dieses Artikels sind nicht m\u00f6glich.<\/p>\n","protected":false},"featured_media":325948,"template":"","meta":{"_acf_changed":false},"product_brand":[],"product_cat":[1450],"product_tag":[],"class_list":{"0":"post-383819","1":"product","2":"type-product","3":"status-publish","4":"has-post-thumbnail","6":"product_cat-tanz-und-tanzsocken","7":"pa_brand-pridance-de","9":"first","10":"instock","11":"shipping-taxable","12":"purchasable","13":"product-type-variable"},"acf":[],"_links":{"self":[{"href":"https:\/\/www.letutudanza.it\/de\/wp-json\/wp\/v2\/product\/383819","targetHints":{"allow":["GET"]}}],"collection":[{"href":"https:\/\/www.letutudanza.it\/de\/wp-json\/wp\/v2\/product"}],"about":[{"href":"https:\/\/www.letutudanza.it\/de\/wp-json\/wp\/v2\/types\/product"}],"wp:featuredmedia":[{"embeddable":true,"href":"https:\/\/www.letutudanza.it\/de\/wp-json\/wp\/v2\/media\/325948"}],"wp:attachment":[{"href":"https:\/\/www.letutudanza.it\/de\/wp-json\/wp\/v2\/media?parent=383819"}],"wp:term":[{"taxonomy":"product_brand","embeddable":true,"href":"https:\/\/www.letutudanza.it\/de\/wp-json\/wp\/v2\/product_brand?post=383819"},{"taxonomy":"product_cat","embeddable":true,"href":"https:\/\/www.letutudanza.it\/de\/wp-json\/wp\/v2\/product_cat?post=383819"},{"taxonomy":"product_tag","embeddable":true,"href":"https:\/\/www.letutudanza.it\/de\/wp-json\/wp\/v2\/product_tag?post=383819"}],"curies":[{"name":"wp","href":"https:\/\/api.w.org\/{rel}","templated":true}]}}