{"id":383679,"date":"2021-07-13T19:06:13","date_gmt":"2021-07-13T17:06:13","guid":{"rendered":"https:\/\/letutudanza.it\/prodotto\/capezio-jag-upp16-jazzschuh"},"modified":"2026-02-27T14:08:26","modified_gmt":"2026-02-27T13:08:26","slug":"capezio-jazz-schuh-jag-upp16","status":"publish","type":"product","link":"https:\/\/www.letutudanza.it\/de\/prodotto\/capezio-jazz-schuh-jag-upp16","title":{"rendered":"Capezio JAG UPP16 Jazzschuh"},"content":{"rendered":"<p><strong>Produktmerkmale:<\/strong><\/p>\n<ul>\n<li><span dir=\"auto\">Obermaterial aus weichem und flexiblem Wildleder, perforiertem Neopren.<\/span><\/li>\n<li><span dir=\"auto\">Perforiertes Neopren sorgt f\u00fcr ein leichtes Tragegef\u00fchl.<\/span><\/li>\n<li><span dir=\"auto\">Wildledersohle.<\/span><\/li>\n<li><span dir=\"auto\">Elastisches Schn\u00fcrsystem.<\/span><\/li>\n<li><span dir=\"auto\">Klettverschluss f\u00fcr zus\u00e4tzliche Sicherheit und Unterst\u00fctzung des Fu\u00dfgew\u00f6lbes.<\/span><\/li>\n<li><span dir=\"auto\">Das elastische Futter der Innensohle gew\u00e4hrleistet optimale Flexibilit\u00e4t.<\/span><\/li>\n<li><span dir=\"auto\">PowerPointe\u00ae-Konstruktion mit umschlossenem Bogen.<\/span><\/li>\n<li><span dir=\"auto\">Zum Hineinschl\u00fcpfen f\u00fcr eine klare Linie und einfaches An- und Ausziehen.<\/span><\/li>\n<\/ul>\n","protected":false},"excerpt":{"rendered":"<p>Hergestellt aus hochwertigem Wildleder und weichem, perforiertem Neopren.<br \/>\n Wildledersohle.<br \/>\n Das vollst\u00e4ndig elastische Material verf\u00fcgt \u00fcber einen Klettverschluss am oberen Rand, um eine gr\u00f6\u00dfere Stabilit\u00e4t f\u00fcr den Fu\u00df und eine bessere Unterst\u00fctzung des Fu\u00dfgew\u00f6lbes zu gew\u00e4hrleisten.<br \/>\n Das elastische Innenfutter sorgt f\u00fcr Flexibilit\u00e4t des Fu\u00dfes und erm\u00f6glicht es dem Schuh, das Fu\u00dfgew\u00f6lbe besser zu umschlie\u00dfen.<\/p>\n","protected":false},"featured_media":325996,"template":"","meta":{"_acf_changed":false},"product_brand":[],"product_cat":[1836,1617],"product_tag":[],"class_list":{"0":"post-383679","1":"product","2":"type-product","3":"status-publish","4":"has-post-thumbnail","6":"product_cat-sneakers-und-jazzschuhe","7":"product_cat-schuhe","8":"pa_brand-capezio-de","10":"first","11":"instock","12":"shipping-taxable","13":"purchasable","14":"product-type-variable"},"acf":[],"_links":{"self":[{"href":"https:\/\/www.letutudanza.it\/de\/wp-json\/wp\/v2\/product\/383679","targetHints":{"allow":["GET"]}}],"collection":[{"href":"https:\/\/www.letutudanza.it\/de\/wp-json\/wp\/v2\/product"}],"about":[{"href":"https:\/\/www.letutudanza.it\/de\/wp-json\/wp\/v2\/types\/product"}],"wp:featuredmedia":[{"embeddable":true,"href":"https:\/\/www.letutudanza.it\/de\/wp-json\/wp\/v2\/media\/325996"}],"wp:attachment":[{"href":"https:\/\/www.letutudanza.it\/de\/wp-json\/wp\/v2\/media?parent=383679"}],"wp:term":[{"taxonomy":"product_brand","embeddable":true,"href":"https:\/\/www.letutudanza.it\/de\/wp-json\/wp\/v2\/product_brand?post=383679"},{"taxonomy":"product_cat","embeddable":true,"href":"https:\/\/www.letutudanza.it\/de\/wp-json\/wp\/v2\/product_cat?post=383679"},{"taxonomy":"product_tag","embeddable":true,"href":"https:\/\/www.letutudanza.it\/de\/wp-json\/wp\/v2\/product_tag?post=383679"}],"curies":[{"name":"wp","href":"https:\/\/api.w.org\/{rel}","templated":true}]}}