{"id":383601,"date":"2021-07-13T18:40:19","date_gmt":"2021-07-13T16:40:19","guid":{"rendered":"https:\/\/letutudanza.it\/prodotto\/pridance-nude-flesh-fusslose-strumpfhose"},"modified":"2025-04-05T19:56:32","modified_gmt":"2025-04-05T17:56:32","slug":"nudefarbene-pridance-strumpfhosen-2","status":"publish","type":"product","link":"https:\/\/www.letutudanza.it\/de\/prodotto\/nudefarbene-pridance-strumpfhosen-2","title":{"rendered":"Fu\u00dflose Tanzstrumpfhose Pridance in Hautfarbe\/Fleisch"},"content":{"rendered":"<p>Tanzleggings ohne Fu\u00df mit elastischem Bund. Perfekte Passform und Passform. Leuchteffekt, 60 den.<br \/>\nZusammensetzung 85 % Polyamid und 15 % Elasthan.<\/p>\n<p><strong>Hinweis:<\/strong> Umtausch und\/oder R\u00fcckgabe sind f\u00fcr diesen Artikel nicht m\u00f6glich<\/p>\n","protected":false},"excerpt":{"rendered":"<p>Tanzleggings ohne Fu\u00df mit elastischem Bund. Perfekte Passform und Passform. Leuchteffekt, 60 den.<br \/>\n Zusammensetzung: 85 % Polyamid und 15 % Elastan.<\/p>\n<p><strong>Hinweis:<\/strong> Umtausch und\/oder R\u00fcckgabe sind f\u00fcr diesen Artikel nicht m\u00f6glich<\/p>\n","protected":false},"featured_media":0,"template":"","meta":{"_acf_changed":false},"product_brand":[],"product_cat":[1450],"product_tag":[],"class_list":{"0":"post-383601","1":"product","2":"type-product","3":"status-publish","5":"product_cat-tanz-und-tanzsocken","6":"pa_brand-pridance-de","8":"first","9":"instock","10":"shipping-taxable","11":"purchasable","12":"product-type-variable"},"acf":[],"_links":{"self":[{"href":"https:\/\/www.letutudanza.it\/de\/wp-json\/wp\/v2\/product\/383601","targetHints":{"allow":["GET"]}}],"collection":[{"href":"https:\/\/www.letutudanza.it\/de\/wp-json\/wp\/v2\/product"}],"about":[{"href":"https:\/\/www.letutudanza.it\/de\/wp-json\/wp\/v2\/types\/product"}],"wp:attachment":[{"href":"https:\/\/www.letutudanza.it\/de\/wp-json\/wp\/v2\/media?parent=383601"}],"wp:term":[{"taxonomy":"product_brand","embeddable":true,"href":"https:\/\/www.letutudanza.it\/de\/wp-json\/wp\/v2\/product_brand?post=383601"},{"taxonomy":"product_cat","embeddable":true,"href":"https:\/\/www.letutudanza.it\/de\/wp-json\/wp\/v2\/product_cat?post=383601"},{"taxonomy":"product_tag","embeddable":true,"href":"https:\/\/www.letutudanza.it\/de\/wp-json\/wp\/v2\/product_tag?post=383601"}],"curies":[{"name":"wp","href":"https:\/\/api.w.org\/{rel}","templated":true}]}}