{"id":383526,"date":"2021-07-13T18:52:01","date_gmt":"2021-07-13T16:52:01","guid":{"rendered":"https:\/\/letutudanza.it\/prodotto\/spitzenschuhe-bloch-amelie"},"modified":"2026-01-07T14:28:09","modified_gmt":"2026-01-07T13:28:09","slug":"spitzenschuhe-bloch-amelie","status":"publish","type":"product","link":"https:\/\/www.letutudanza.it\/de\/prodotto\/spitzenschuhe-bloch-amelie","title":{"rendered":"Bloch Amelie Spitzentanzschuhe"},"content":{"rendered":"<p>Bloch Amelie Spitzenschuh: Entwickelt f\u00fcr erstmalige Spitzenschuhe. Leicht gebogene Blattseiten f\u00f6rdern die richtige Ausrichtung des Fu\u00dfes. Ausgestattet mit einer weichen Sohle, die den Aufstieg bis zur Zehe erleichtert.<\/p>\n","protected":false},"excerpt":{"rendered":"<p>Spitzenschuh Bloch Amelie: F\u00fcr T\u00e4nzer, die zum ersten Mal Spitzentanz machen.<br \/>\n Die leicht gebogenen Seiten des Vorderblatts unterst\u00fctzen die korrekte Ausrichtung des Fu\u00dfes.<br \/>\n Ausgestattet mit einer weichen Innensohle, die den Aufstieg zur Spitze erleichtert.<\/p>\n<p> Verf\u00fcgbar in XX Werken<\/p>\n","protected":false},"featured_media":326042,"template":"","meta":{"_acf_changed":false},"product_brand":[],"product_cat":[2683,1617,1663],"product_tag":[],"class_list":{"0":"post-383526","1":"product","2":"type-product","3":"status-publish","4":"has-post-thumbnail","6":"product_cat-bloch-spitzenschuhe","7":"product_cat-schuhe","8":"product_cat-spitzenschuhe","9":"pa_brand-bloch-de","11":"first","12":"instock","13":"shipping-taxable","14":"purchasable","15":"product-type-variable"},"acf":[],"_links":{"self":[{"href":"https:\/\/www.letutudanza.it\/de\/wp-json\/wp\/v2\/product\/383526","targetHints":{"allow":["GET"]}}],"collection":[{"href":"https:\/\/www.letutudanza.it\/de\/wp-json\/wp\/v2\/product"}],"about":[{"href":"https:\/\/www.letutudanza.it\/de\/wp-json\/wp\/v2\/types\/product"}],"wp:featuredmedia":[{"embeddable":true,"href":"https:\/\/www.letutudanza.it\/de\/wp-json\/wp\/v2\/media\/326042"}],"wp:attachment":[{"href":"https:\/\/www.letutudanza.it\/de\/wp-json\/wp\/v2\/media?parent=383526"}],"wp:term":[{"taxonomy":"product_brand","embeddable":true,"href":"https:\/\/www.letutudanza.it\/de\/wp-json\/wp\/v2\/product_brand?post=383526"},{"taxonomy":"product_cat","embeddable":true,"href":"https:\/\/www.letutudanza.it\/de\/wp-json\/wp\/v2\/product_cat?post=383526"},{"taxonomy":"product_tag","embeddable":true,"href":"https:\/\/www.letutudanza.it\/de\/wp-json\/wp\/v2\/product_tag?post=383526"}],"curies":[{"name":"wp","href":"https:\/\/api.w.org\/{rel}","templated":true}]}}