{"id":383389,"date":"2021-07-13T18:49:03","date_gmt":"2021-07-13T16:49:03","guid":{"rendered":"https:\/\/letutudanza.it\/prodotto\/demi-pointe-bloch-synchrony-s0625l"},"modified":"2026-01-21T11:57:15","modified_gmt":"2026-01-21T10:57:15","slug":"demi-pointe-bloch-synchrony-s0625l","status":"publish","type":"product","link":"https:\/\/www.letutudanza.it\/de\/prodotto\/demi-pointe-bloch-synchrony-s0625l","title":{"rendered":"Bloch Synchrony S0625L Ballettschuhe"},"content":{"rendered":"<p>Demi Pointe aus Stretch-Canvas, ideal f\u00fcr T\u00e4nzerinnen mit breiten Sohlen. Der alte elastische Kordelzug, der von Hand gebunden wird, wurde durch einen breiten Gummizug ersetzt, der sich der Fu\u00dfform anpasst, indem er den Druck auf die Achillessehne und auf die Fu\u00dfr\u00fcckenfl\u00e4che beim Bodenkontakt verringert. Geteilte Sohle aus Wildleder.<\/p>\n","protected":false},"excerpt":{"rendered":"<p>Demi Pointe aus Stretch-Canvas, ideal f\u00fcr T\u00e4nzerinnen mit breiten Sohlen.<\/p>\n<p>Der alte, von Hand festgezogene Kordelzug wurde durch ein breites, elastisches Band ersetzt, das sich der Fu\u00dfform anpasst und den Druck auf die Achillessehne und die Fu\u00dfr\u00fcckenfl\u00e4che reduziert, wenn der Fu\u00df den Boden ber\u00fchrt.<\/p>\n<p>Geteilte Sohle aus Wildleder. Erh\u00e4ltlich in Hautrosa (wie auf dem Foto gezeigt)<\/p>\n","protected":false},"featured_media":326002,"template":"","meta":{"_acf_changed":false},"product_brand":[],"product_cat":[2834,1864,1617],"product_tag":[],"class_list":{"0":"post-383389","1":"product","2":"type-product","3":"status-publish","4":"has-post-thumbnail","6":"product_cat-bloch-halbspitzenschuhe","7":"product_cat-halb-punkt-tanz","8":"product_cat-schuhe","9":"pa_brand-bloch-de","11":"first","12":"instock","13":"shipping-taxable","14":"purchasable","15":"product-type-variable"},"acf":[],"_links":{"self":[{"href":"https:\/\/www.letutudanza.it\/de\/wp-json\/wp\/v2\/product\/383389","targetHints":{"allow":["GET"]}}],"collection":[{"href":"https:\/\/www.letutudanza.it\/de\/wp-json\/wp\/v2\/product"}],"about":[{"href":"https:\/\/www.letutudanza.it\/de\/wp-json\/wp\/v2\/types\/product"}],"wp:featuredmedia":[{"embeddable":true,"href":"https:\/\/www.letutudanza.it\/de\/wp-json\/wp\/v2\/media\/326002"}],"wp:attachment":[{"href":"https:\/\/www.letutudanza.it\/de\/wp-json\/wp\/v2\/media?parent=383389"}],"wp:term":[{"taxonomy":"product_brand","embeddable":true,"href":"https:\/\/www.letutudanza.it\/de\/wp-json\/wp\/v2\/product_brand?post=383389"},{"taxonomy":"product_cat","embeddable":true,"href":"https:\/\/www.letutudanza.it\/de\/wp-json\/wp\/v2\/product_cat?post=383389"},{"taxonomy":"product_tag","embeddable":true,"href":"https:\/\/www.letutudanza.it\/de\/wp-json\/wp\/v2\/product_tag?post=383389"}],"curies":[{"name":"wp","href":"https:\/\/api.w.org\/{rel}","templated":true}]}}