{"id":383387,"date":"2021-07-13T18:55:06","date_gmt":"2021-07-13T16:55:06","guid":{"rendered":"https:\/\/letutudanza.it\/prodotto\/charakterschuh-aus-bloch-tempo-canvas"},"modified":"2026-01-31T14:14:19","modified_gmt":"2026-01-31T13:14:19","slug":"bloch-tempo-canvas-charakterschuh","status":"publish","type":"product","link":"https:\/\/www.letutudanza.it\/de\/prodotto\/bloch-tempo-canvas-charakterschuh","title":{"rendered":"Canvas-Tanzschuhe mit Charaktercharakter und 4 cm hohem kubanischem Absatz"},"content":{"rendered":"<h2 style=\"text-align: center;\">Bloch Tempo Canvas Charaktertanzschuhe mit kubanischem Absatz<\/h2>\n<p>Die Bloch Tempo Charaktertanzschuhe sind auf Komfort, Stabilit\u00e4t und Bewegungsfreiheit im Unterricht und bei Auff\u00fchrungen ausgelegt. Das Obermaterial aus Canvas macht den Schuh leicht, atmungsaktiv und besonders flexibel. <\/p>\n<p>Die gepolsterte Innensohle d\u00e4mpft St\u00f6\u00dfe effektiv, w\u00e4hrend die weiche Ledersohle f\u00fcr optimale Bewegungsfreiheit sorgt. Der 4 cm hohe kubanische Absatz bietet die perfekte Balance zwischen Stabilit\u00e4t und Eleganz und ist somit ideal f\u00fcr Charaktert\u00e4nze, Musicals und Auff\u00fchrungen. <\/p>\n<p>Das Innenfutter aus Mikrofaser mit Bloch Dri-Lex-Technologie h\u00e4lt den Fu\u00df trocken und sorgt so auch bei l\u00e4ngerem Tragen f\u00fcr optimalen Komfort.<\/p>\n","protected":false},"excerpt":{"rendered":"<p><strong>Atmungsaktive und flexible Tanzschuhe aus Canvas<\/strong> , ideal f\u00fcr akademischen Tanz, Musicals und Auff\u00fchrungen. <strong>Ein 4 cm hoher kubanischer Absatz<\/strong> sorgt f\u00fcr Stabilit\u00e4t und Komfort beim Tanzen.<\/p>\n","protected":false},"featured_media":325118,"template":"","meta":{"_acf_changed":false},"product_brand":[],"product_cat":[1802,1617],"product_tag":[],"class_list":{"0":"post-383387","1":"product","2":"type-product","3":"status-publish","4":"has-post-thumbnail","6":"product_cat-lehrschuhe-und-charakter","7":"product_cat-schuhe","8":"pa_brand-bloch-de","10":"first","11":"instock","12":"shipping-taxable","13":"purchasable","14":"product-type-variable"},"acf":[],"_links":{"self":[{"href":"https:\/\/www.letutudanza.it\/de\/wp-json\/wp\/v2\/product\/383387","targetHints":{"allow":["GET"]}}],"collection":[{"href":"https:\/\/www.letutudanza.it\/de\/wp-json\/wp\/v2\/product"}],"about":[{"href":"https:\/\/www.letutudanza.it\/de\/wp-json\/wp\/v2\/types\/product"}],"wp:featuredmedia":[{"embeddable":true,"href":"https:\/\/www.letutudanza.it\/de\/wp-json\/wp\/v2\/media\/325118"}],"wp:attachment":[{"href":"https:\/\/www.letutudanza.it\/de\/wp-json\/wp\/v2\/media?parent=383387"}],"wp:term":[{"taxonomy":"product_brand","embeddable":true,"href":"https:\/\/www.letutudanza.it\/de\/wp-json\/wp\/v2\/product_brand?post=383387"},{"taxonomy":"product_cat","embeddable":true,"href":"https:\/\/www.letutudanza.it\/de\/wp-json\/wp\/v2\/product_cat?post=383387"},{"taxonomy":"product_tag","embeddable":true,"href":"https:\/\/www.letutudanza.it\/de\/wp-json\/wp\/v2\/product_tag?post=383387"}],"curies":[{"name":"wp","href":"https:\/\/api.w.org\/{rel}","templated":true}]}}