{"id":383300,"date":"2021-07-13T17:01:48","date_gmt":"2021-07-13T15:01:48","guid":{"rendered":"https:\/\/letutudanza.it\/prodotto\/juliet-top-mit-nude-effekt"},"modified":"2025-09-14T11:06:01","modified_gmt":"2025-09-14T09:06:01","slug":"nude-effekt-juliet-top","status":"publish","type":"product","link":"https:\/\/www.letutudanza.it\/de\/prodotto\/nude-effekt-juliet-top","title":{"rendered":"Giulietta nacktes Tr\u00e4gertop"},"content":{"rendered":"<p>Ideal f\u00fcr zeitgen\u00f6ssische Shows, da es gef\u00fcttert und nicht transparent ist.<\/p>\n","protected":false},"excerpt":{"rendered":"<p>Tr\u00e4gertop aus Nude-Lycra und Brustabn\u00e4hern f\u00fcr eine bessere Passform.<br \/>\nIdeal zum Tragen unter transparenten oder Low-Containment-B\u00fchnenkost\u00fcmen.<\/p>\n","protected":false},"featured_media":325010,"template":"","meta":{"_acf_changed":false},"product_brand":[],"product_cat":[1443,1513,1529],"product_tag":[],"class_list":{"0":"post-383300","1":"product","2":"type-product","3":"status-publish","4":"has-post-thumbnail","6":"product_cat-tanzunterwasche-und-unterwasche","7":"product_cat-kleidung","8":"product_cat-spitzentanz","9":"pa_brand-dl-tanzkleidung","11":"first","12":"instock","13":"shipping-taxable","14":"purchasable","15":"product-type-variable"},"acf":[],"_links":{"self":[{"href":"https:\/\/www.letutudanza.it\/de\/wp-json\/wp\/v2\/product\/383300","targetHints":{"allow":["GET"]}}],"collection":[{"href":"https:\/\/www.letutudanza.it\/de\/wp-json\/wp\/v2\/product"}],"about":[{"href":"https:\/\/www.letutudanza.it\/de\/wp-json\/wp\/v2\/types\/product"}],"wp:featuredmedia":[{"embeddable":true,"href":"https:\/\/www.letutudanza.it\/de\/wp-json\/wp\/v2\/media\/325010"}],"wp:attachment":[{"href":"https:\/\/www.letutudanza.it\/de\/wp-json\/wp\/v2\/media?parent=383300"}],"wp:term":[{"taxonomy":"product_brand","embeddable":true,"href":"https:\/\/www.letutudanza.it\/de\/wp-json\/wp\/v2\/product_brand?post=383300"},{"taxonomy":"product_cat","embeddable":true,"href":"https:\/\/www.letutudanza.it\/de\/wp-json\/wp\/v2\/product_cat?post=383300"},{"taxonomy":"product_tag","embeddable":true,"href":"https:\/\/www.letutudanza.it\/de\/wp-json\/wp\/v2\/product_tag?post=383300"}],"curies":[{"name":"wp","href":"https:\/\/api.w.org\/{rel}","templated":true}]}}