{"id":383010,"date":"2021-07-13T18:37:16","date_gmt":"2021-07-13T16:37:16","guid":{"rendered":"https:\/\/letutudanza.it\/prodotto\/adele-tunika"},"modified":"2025-09-14T11:03:09","modified_gmt":"2025-09-14T09:03:09","slug":"tunika-adele","status":"publish","type":"product","link":"https:\/\/www.letutudanza.it\/de\/prodotto\/tunika-adele","title":{"rendered":"Eng anliegendes Tanz-Sweatshirt Adele mit Rei\u00dfverschluss"},"content":{"rendered":"<p>NB: Artikel, der mit Ihrem Schullogo personalisierbar ist (Mindestbestellmenge 20 St\u00fcck, f\u00fcr weitere Informationen kontaktieren Sie uns)<\/p>\n","protected":false},"excerpt":{"rendered":"<p>Lang\u00e4rmlige Tunika mit B\u00fcndchen, Pistazienkragen und Rei\u00dfverschluss vorne.<br \/>\nIn den H\u00fcften geformt f\u00fcr eine perfekte Passform.<\/p>\n<p>&nbsp;<\/p>\n","protected":false},"featured_media":477070,"template":"","meta":{"_acf_changed":false},"product_brand":[],"product_cat":[1528,1513,1699],"product_tag":[],"class_list":{"0":"post-383010","1":"product","2":"type-product","3":"status-publish","4":"has-post-thumbnail","6":"product_cat-sweatshirts-t-shirts-und-tops","7":"product_cat-kleidung","8":"product_cat-tanz-sweatshirts","9":"pa_brand-dl-tanzkleidung","11":"first","12":"instock","13":"shipping-taxable","14":"purchasable","15":"product-type-variable"},"acf":[],"_links":{"self":[{"href":"https:\/\/www.letutudanza.it\/de\/wp-json\/wp\/v2\/product\/383010","targetHints":{"allow":["GET"]}}],"collection":[{"href":"https:\/\/www.letutudanza.it\/de\/wp-json\/wp\/v2\/product"}],"about":[{"href":"https:\/\/www.letutudanza.it\/de\/wp-json\/wp\/v2\/types\/product"}],"wp:featuredmedia":[{"embeddable":true,"href":"https:\/\/www.letutudanza.it\/de\/wp-json\/wp\/v2\/media\/477070"}],"wp:attachment":[{"href":"https:\/\/www.letutudanza.it\/de\/wp-json\/wp\/v2\/media?parent=383010"}],"wp:term":[{"taxonomy":"product_brand","embeddable":true,"href":"https:\/\/www.letutudanza.it\/de\/wp-json\/wp\/v2\/product_brand?post=383010"},{"taxonomy":"product_cat","embeddable":true,"href":"https:\/\/www.letutudanza.it\/de\/wp-json\/wp\/v2\/product_cat?post=383010"},{"taxonomy":"product_tag","embeddable":true,"href":"https:\/\/www.letutudanza.it\/de\/wp-json\/wp\/v2\/product_tag?post=383010"}],"curies":[{"name":"wp","href":"https:\/\/api.w.org\/{rel}","templated":true}]}}