{"id":382801,"date":"2021-07-13T18:27:09","date_gmt":"2021-07-13T16:27:09","guid":{"rendered":"https:\/\/letutudanza.it\/prodotto\/halbspitze-bloch-infinity-s0220l"},"modified":"2026-03-23T15:37:44","modified_gmt":"2026-03-23T14:37:44","slug":"halbspitze-bloch-unendlichkeit-s0220l","status":"publish","type":"product","link":"https:\/\/www.letutudanza.it\/de\/prodotto\/halbspitze-bloch-unendlichkeit-s0220l","title":{"rendered":"Halbspitzen-Ballettschuhe aus bi-elastischem Canvas mit geteilter Sohle"},"content":{"rendered":"<h2 style=\"text-align: center;\">Bloch Infinity S0220L Halbspitze Ballettschuhe<\/h2>\n<p>Erzeugt durch die Verbindung zwischen dem Pro-Elastic-Modell und dem Zenith-Modell&#8230; ein echter Hybrid!!<\/p>\n<p>Eigenschaften:<\/p>\n<ul>\n<li>Gekreuzte und vorgen\u00e4hte Gummib\u00e4nder.<\/li>\n<li>Elastischer Rand, der den Kordelzug ersetzt<\/li>\n<li>Bi-elastisches Canvas, das den nat\u00fcrlichen Fu\u00dflinien folgt<\/li>\n<li>Vorfu\u00dfpolstersystem, geformte Sohle, die die Mittelfu\u00dfknochen sch\u00fctzt<\/li>\n<li>Wildleder-Einlegesohle<\/li>\n<\/ul>\n","protected":false},"excerpt":{"rendered":"<p><strong>Infinity S0220L<\/strong> Halbspitzschuh aus bi-elastischem Canvas mit geteilter Wildledersohle.<br \/>\n Die elastische Manschette ersetzt sowohl die alte Schn\u00fcrung als auch das breite Gummiband und betont so den Spann und verleiht dem Fu\u00df selbst ein schlankeres Aussehen.<\/p>\n<p> LETZTES VERF\u00dcGBARES ST\u00dcCK: 42(8)<br \/>\n Hautrosa Farbe (wie auf dem Foto)<\/p>\n","protected":false},"featured_media":326166,"template":"","meta":{"_acf_changed":false},"product_brand":[],"product_cat":[1914,2834,1864,1617],"product_tag":[],"class_list":{"0":"post-382801","1":"product","2":"type-product","3":"status-publish","4":"has-post-thumbnail","6":"product_cat-schuhe-outlet","7":"product_cat-bloch-halbspitzenschuhe","8":"product_cat-halb-punkt-tanz","9":"product_cat-schuhe","10":"pa_brand-bloch-de","12":"first","13":"instock","14":"sale","15":"shipping-taxable","16":"purchasable","17":"product-type-simple"},"acf":[],"_links":{"self":[{"href":"https:\/\/www.letutudanza.it\/de\/wp-json\/wp\/v2\/product\/382801","targetHints":{"allow":["GET"]}}],"collection":[{"href":"https:\/\/www.letutudanza.it\/de\/wp-json\/wp\/v2\/product"}],"about":[{"href":"https:\/\/www.letutudanza.it\/de\/wp-json\/wp\/v2\/types\/product"}],"wp:featuredmedia":[{"embeddable":true,"href":"https:\/\/www.letutudanza.it\/de\/wp-json\/wp\/v2\/media\/326166"}],"wp:attachment":[{"href":"https:\/\/www.letutudanza.it\/de\/wp-json\/wp\/v2\/media?parent=382801"}],"wp:term":[{"taxonomy":"product_brand","embeddable":true,"href":"https:\/\/www.letutudanza.it\/de\/wp-json\/wp\/v2\/product_brand?post=382801"},{"taxonomy":"product_cat","embeddable":true,"href":"https:\/\/www.letutudanza.it\/de\/wp-json\/wp\/v2\/product_cat?post=382801"},{"taxonomy":"product_tag","embeddable":true,"href":"https:\/\/www.letutudanza.it\/de\/wp-json\/wp\/v2\/product_tag?post=382801"}],"curies":[{"name":"wp","href":"https:\/\/api.w.org\/{rel}","templated":true}]}}