{"id":382245,"date":"2021-07-13T17:19:37","date_gmt":"2021-07-13T15:19:37","guid":{"rendered":"https:\/\/letutudanza.it\/prodotto\/nackte-tanzsocken-2"},"modified":"2026-03-05T11:40:39","modified_gmt":"2026-03-05T10:40:39","slug":"fleischfarbene-tanzsocke-2","status":"publish","type":"product","link":"https:\/\/www.letutudanza.it\/de\/prodotto\/fleischfarbene-tanzsocke-2","title":{"rendered":"Nackte Tanzsocken"},"content":{"rendered":"<p>Ideal f\u00fcr zeitgen\u00f6ssischen Tanz<\/p>\n","protected":false},"excerpt":{"rendered":"<p>Hautfarbene Tanzsocke.<br \/>\n Hergestellt aus weicher Mikrofaser und garantiert durch die italienische Qualit\u00e4tsgarantie von Pridance.<br \/>\n Zusammensetzung:<\/p>\n<ul>\n<li>98 % Polyamid 2 % Elastan<\/li>\n<\/ul>\n<p>NB: Umtausch und\/oder R\u00fcckgabe f\u00fcr diese Art von Artikeln sind nicht m\u00f6glich<\/p>\n","protected":false},"featured_media":483497,"template":"","meta":{"_acf_changed":false},"product_brand":[],"product_cat":[1450,2114,1447,1448],"product_tag":[],"class_list":{"0":"post-382245","1":"product","2":"type-product","3":"status-publish","4":"has-post-thumbnail","6":"product_cat-tanz-und-tanzsocken","7":"product_cat-schuhe-fur-zeitgenossischen-tanz","8":"product_cat-zubehor","9":"product_cat-zubehor-fur-schuhe-und-fusse","10":"pa_brand-pridance-de","12":"first","13":"instock","14":"shipping-taxable","15":"purchasable","16":"product-type-variable"},"acf":[],"_links":{"self":[{"href":"https:\/\/www.letutudanza.it\/de\/wp-json\/wp\/v2\/product\/382245","targetHints":{"allow":["GET"]}}],"collection":[{"href":"https:\/\/www.letutudanza.it\/de\/wp-json\/wp\/v2\/product"}],"about":[{"href":"https:\/\/www.letutudanza.it\/de\/wp-json\/wp\/v2\/types\/product"}],"wp:featuredmedia":[{"embeddable":true,"href":"https:\/\/www.letutudanza.it\/de\/wp-json\/wp\/v2\/media\/483497"}],"wp:attachment":[{"href":"https:\/\/www.letutudanza.it\/de\/wp-json\/wp\/v2\/media?parent=382245"}],"wp:term":[{"taxonomy":"product_brand","embeddable":true,"href":"https:\/\/www.letutudanza.it\/de\/wp-json\/wp\/v2\/product_brand?post=382245"},{"taxonomy":"product_cat","embeddable":true,"href":"https:\/\/www.letutudanza.it\/de\/wp-json\/wp\/v2\/product_cat?post=382245"},{"taxonomy":"product_tag","embeddable":true,"href":"https:\/\/www.letutudanza.it\/de\/wp-json\/wp\/v2\/product_tag?post=382245"}],"curies":[{"name":"wp","href":"https:\/\/api.w.org\/{rel}","templated":true}]}}