{"id":381065,"date":"2021-07-13T16:10:51","date_gmt":"2021-07-13T14:10:51","guid":{"rendered":"https:\/\/letutudanza.it\/prodotto\/pridance-mikrofaserstrumpfhose-60-den"},"modified":"2025-10-20T19:27:39","modified_gmt":"2025-10-20T17:27:39","slug":"strumpfhose-pridance-mikrofaser-60-den-2","status":"publish","type":"product","link":"https:\/\/www.letutudanza.it\/de\/prodotto\/strumpfhose-pridance-mikrofaser-60-den-2","title":{"rendered":"Pridance 60 den Mikrofaser-Tanzstrumpfhose"},"content":{"rendered":"<p>Sie trocknen schnell und widerstehen Pilling.<\/p>\n","protected":false},"excerpt":{"rendered":"<p>3D-Strumpfhose mit hervorragender Elastizit\u00e4t, Atmungsaktivit\u00e4t und extremer Widerstandsf\u00e4higkeit.<br \/>\n Aus 60 Den Mikrofaser gefertigt und mit einem bequemen, Ton-in-Ton-Zwickel ausgestattet<\/p>\n<p> <strong>NB:<\/strong> Es ist nicht m\u00f6glich, \u00c4nderungen und\/oder R\u00fcckgaben f\u00fcr diesen Artikeltyp vorzunehmen<\/p>\n","protected":false},"featured_media":483390,"template":"","meta":{"_acf_changed":false},"product_brand":[],"product_cat":[1450],"product_tag":[],"class_list":{"0":"post-381065","1":"product","2":"type-product","3":"status-publish","4":"has-post-thumbnail","6":"product_cat-tanz-und-tanzsocken","7":"pa_brand-pridance-de","9":"first","10":"instock","11":"shipping-taxable","12":"purchasable","13":"product-type-variable"},"acf":[],"_links":{"self":[{"href":"https:\/\/www.letutudanza.it\/de\/wp-json\/wp\/v2\/product\/381065","targetHints":{"allow":["GET"]}}],"collection":[{"href":"https:\/\/www.letutudanza.it\/de\/wp-json\/wp\/v2\/product"}],"about":[{"href":"https:\/\/www.letutudanza.it\/de\/wp-json\/wp\/v2\/types\/product"}],"wp:featuredmedia":[{"embeddable":true,"href":"https:\/\/www.letutudanza.it\/de\/wp-json\/wp\/v2\/media\/483390"}],"wp:attachment":[{"href":"https:\/\/www.letutudanza.it\/de\/wp-json\/wp\/v2\/media?parent=381065"}],"wp:term":[{"taxonomy":"product_brand","embeddable":true,"href":"https:\/\/www.letutudanza.it\/de\/wp-json\/wp\/v2\/product_brand?post=381065"},{"taxonomy":"product_cat","embeddable":true,"href":"https:\/\/www.letutudanza.it\/de\/wp-json\/wp\/v2\/product_cat?post=381065"},{"taxonomy":"product_tag","embeddable":true,"href":"https:\/\/www.letutudanza.it\/de\/wp-json\/wp\/v2\/product_tag?post=381065"}],"curies":[{"name":"wp","href":"https:\/\/api.w.org\/{rel}","templated":true}]}}