{"id":381040,"date":"2021-07-13T16:04:49","date_gmt":"2021-07-13T14:04:49","guid":{"rendered":"https:\/\/letutudanza.it\/prodotto\/pridance-latin-footless-strumpfhosen"},"modified":"2026-03-23T15:55:36","modified_gmt":"2026-03-23T14:55:36","slug":"strumpfhose-pridance-latino-ohne-fus-2","status":"publish","type":"product","link":"https:\/\/www.letutudanza.it\/de\/prodotto\/strumpfhose-pridance-latino-ohne-fus-2","title":{"rendered":"Pridance Fu\u00dflose Glanzstrumpfhose"},"content":{"rendered":"<p>ideal f\u00fcr Modern Dance, Fitness- und Gesellschaftstanz<\/p>\n","protected":false},"excerpt":{"rendered":"<p>Supergl\u00e4nzende und strapazierf\u00e4hige Leggings mit extrem starkem Halt und farblich abgestimmtem Baumwollzwickel<br \/>\n 70 Denier. Hellbraun (siehe Foto) <\/p>\n<p><strong>Hinweis:<\/strong> Umtausch und\/oder R\u00fcckgabe sind f\u00fcr diesen Artikel nicht m\u00f6glich<\/p>\n","protected":false},"featured_media":483457,"template":"","meta":{"_acf_changed":false},"product_brand":[],"product_cat":[1450],"product_tag":[],"class_list":{"0":"post-381040","1":"product","2":"type-product","3":"status-publish","4":"has-post-thumbnail","6":"product_cat-tanz-und-tanzsocken","7":"pa_brand-pridance-de","9":"first","10":"instock","11":"shipping-taxable","12":"purchasable","13":"product-type-variable"},"acf":[],"_links":{"self":[{"href":"https:\/\/www.letutudanza.it\/de\/wp-json\/wp\/v2\/product\/381040","targetHints":{"allow":["GET"]}}],"collection":[{"href":"https:\/\/www.letutudanza.it\/de\/wp-json\/wp\/v2\/product"}],"about":[{"href":"https:\/\/www.letutudanza.it\/de\/wp-json\/wp\/v2\/types\/product"}],"wp:featuredmedia":[{"embeddable":true,"href":"https:\/\/www.letutudanza.it\/de\/wp-json\/wp\/v2\/media\/483457"}],"wp:attachment":[{"href":"https:\/\/www.letutudanza.it\/de\/wp-json\/wp\/v2\/media?parent=381040"}],"wp:term":[{"taxonomy":"product_brand","embeddable":true,"href":"https:\/\/www.letutudanza.it\/de\/wp-json\/wp\/v2\/product_brand?post=381040"},{"taxonomy":"product_cat","embeddable":true,"href":"https:\/\/www.letutudanza.it\/de\/wp-json\/wp\/v2\/product_cat?post=381040"},{"taxonomy":"product_tag","embeddable":true,"href":"https:\/\/www.letutudanza.it\/de\/wp-json\/wp\/v2\/product_tag?post=381040"}],"curies":[{"name":"wp","href":"https:\/\/api.w.org\/{rel}","templated":true}]}}