{"id":381004,"date":"2021-07-13T16:08:03","date_gmt":"2021-07-13T14:08:03","guid":{"rendered":"https:\/\/letutudanza.it\/prodotto\/schwarze-fusslose-strumpfhose-von-pridance"},"modified":"2026-04-16T10:51:37","modified_gmt":"2026-04-16T08:51:37","slug":"black-pridance-strumpfhosen-2","status":"publish","type":"product","link":"https:\/\/www.letutudanza.it\/de\/prodotto\/black-pridance-strumpfhosen-2","title":{"rendered":"Schwarze, fu\u00dflose Tanzstrumpfhose von Pridance"},"content":{"rendered":"<p>Tanzleggings ohne Fu\u00df mit elastischem Bund. Perfekte Passform und Passform. 60 Den.<br \/>\nZusammensetzung 85 % Polyamid und 15 % Elasthan.<\/p>\n<p><strong>Hinweis:<\/strong> Umtausch und\/oder R\u00fcckgabe sind f\u00fcr diesen Artikel nicht m\u00f6glich<\/p>\n","protected":false},"excerpt":{"rendered":"<p>60 Den Tanzleggings ohne F\u00fc\u00dfe mit elastischem Bund.<br \/>\n Perfekte Passform und Passform.<br \/>\n Zusammensetzung: 85 % Polyamid und 15 % Elasthan.<\/p>\n<p> <strong>Hinweis:<\/strong> F\u00fcr diesen Artikel ist kein Umtausch und\/oder keine R\u00fcckgabe m\u00f6glich.<\/p>\n","protected":false},"featured_media":483366,"template":"","meta":{"_acf_changed":false},"product_brand":[],"product_cat":[1450],"product_tag":[],"class_list":{"0":"post-381004","1":"product","2":"type-product","3":"status-publish","4":"has-post-thumbnail","6":"product_cat-tanz-und-tanzsocken","7":"pa_brand-pridance-de","9":"first","10":"instock","11":"shipping-taxable","12":"purchasable","13":"product-type-variable"},"acf":[],"_links":{"self":[{"href":"https:\/\/www.letutudanza.it\/de\/wp-json\/wp\/v2\/product\/381004","targetHints":{"allow":["GET"]}}],"collection":[{"href":"https:\/\/www.letutudanza.it\/de\/wp-json\/wp\/v2\/product"}],"about":[{"href":"https:\/\/www.letutudanza.it\/de\/wp-json\/wp\/v2\/types\/product"}],"wp:featuredmedia":[{"embeddable":true,"href":"https:\/\/www.letutudanza.it\/de\/wp-json\/wp\/v2\/media\/483366"}],"wp:attachment":[{"href":"https:\/\/www.letutudanza.it\/de\/wp-json\/wp\/v2\/media?parent=381004"}],"wp:term":[{"taxonomy":"product_brand","embeddable":true,"href":"https:\/\/www.letutudanza.it\/de\/wp-json\/wp\/v2\/product_brand?post=381004"},{"taxonomy":"product_cat","embeddable":true,"href":"https:\/\/www.letutudanza.it\/de\/wp-json\/wp\/v2\/product_cat?post=381004"},{"taxonomy":"product_tag","embeddable":true,"href":"https:\/\/www.letutudanza.it\/de\/wp-json\/wp\/v2\/product_tag?post=381004"}],"curies":[{"name":"wp","href":"https:\/\/api.w.org\/{rel}","templated":true}]}}