{"id":381003,"date":"2021-07-13T15:55:59","date_gmt":"2021-07-13T13:55:59","guid":{"rendered":"https:\/\/letutudanza.it\/prodotto\/pridance-eislaufstrumpfhose"},"modified":"2026-03-23T15:43:38","modified_gmt":"2026-03-23T14:43:38","slug":"skating-tights-pridance-2","status":"publish","type":"product","link":"https:\/\/www.letutudanza.it\/de\/prodotto\/skating-tights-pridance-2","title":{"rendered":"Pridance Skating-Strumpfhose"},"content":{"rendered":"<p>50-Denier-Strumpfhose aus weicher 3D-Mikrofaser mit Schlittschuhbezug und Einlegesohlenriemen.<br \/>\nSehr widerstandsf\u00e4hig! Erh\u00e4ltlich in Karamellfarbe<\/p>\n<p><strong>NB:<\/strong> Umtausch und\/oder R\u00fcckgabe f\u00fcr diese Art von Artikeln sind nicht m\u00f6glich<\/p>\n","protected":false},"excerpt":{"rendered":"<p>Strumpfhose mit weichem 3D-Mikrofaser-\u00dcberzug aus 50 Denier \u00fcber dem Ges\u00e4\u00df und einem Riemen in der Innensohle.<br \/>\n Extrem widerstandsf\u00e4hig! Erh\u00e4ltlich in Karamellfarbe<\/p>\n<p><strong>NB:<\/strong> Umtausch und\/oder R\u00fcckgabe f\u00fcr diese Art von Artikeln sind nicht m\u00f6glich<\/p>\n","protected":false},"featured_media":483439,"template":"","meta":{"_acf_changed":false},"product_brand":[],"product_cat":[1450],"product_tag":[],"class_list":{"0":"post-381003","1":"product","2":"type-product","3":"status-publish","4":"has-post-thumbnail","6":"product_cat-tanz-und-tanzsocken","7":"pa_brand-pridance-de","9":"first","10":"instock","11":"shipping-taxable","12":"purchasable","13":"product-type-variable"},"acf":[],"_links":{"self":[{"href":"https:\/\/www.letutudanza.it\/de\/wp-json\/wp\/v2\/product\/381003","targetHints":{"allow":["GET"]}}],"collection":[{"href":"https:\/\/www.letutudanza.it\/de\/wp-json\/wp\/v2\/product"}],"about":[{"href":"https:\/\/www.letutudanza.it\/de\/wp-json\/wp\/v2\/types\/product"}],"wp:featuredmedia":[{"embeddable":true,"href":"https:\/\/www.letutudanza.it\/de\/wp-json\/wp\/v2\/media\/483439"}],"wp:attachment":[{"href":"https:\/\/www.letutudanza.it\/de\/wp-json\/wp\/v2\/media?parent=381003"}],"wp:term":[{"taxonomy":"product_brand","embeddable":true,"href":"https:\/\/www.letutudanza.it\/de\/wp-json\/wp\/v2\/product_brand?post=381003"},{"taxonomy":"product_cat","embeddable":true,"href":"https:\/\/www.letutudanza.it\/de\/wp-json\/wp\/v2\/product_cat?post=381003"},{"taxonomy":"product_tag","embeddable":true,"href":"https:\/\/www.letutudanza.it\/de\/wp-json\/wp\/v2\/product_tag?post=381003"}],"curies":[{"name":"wp","href":"https:\/\/api.w.org\/{rel}","templated":true}]}}