{"id":381002,"date":"2021-07-13T16:01:38","date_gmt":"2021-07-13T14:01:38","guid":{"rendered":"https:\/\/letutudanza.it\/prodotto\/pridance-strumpfhose-mit-naht"},"modified":"2026-04-17T15:57:31","modified_gmt":"2026-04-17T13:57:31","slug":"pridance-strumpfhose-mit-naht-2","status":"publish","type":"product","link":"https:\/\/www.letutudanza.it\/de\/prodotto\/pridance-strumpfhose-mit-naht-2","title":{"rendered":"Tanzstrumpfhose mit Pridance-Streifen"},"content":{"rendered":"<p>Strumpfhose mit erh\u00f6hter R\u00fcckenlinie in der Mitte der Socke.<br \/>\nSie bestehen aus 40-den-Mikrofaser und sind extrem weich und bequem<\/p>\n<p>Zusammensetzung: 85 % POLYAMID 15 % ELASTHAN<\/p>\n<p><strong>NB:<\/strong> Umtausch und\/oder R\u00fcckgabe f\u00fcr diese Art von Artikeln sind nicht m\u00f6glich<\/p>\n","protected":false},"excerpt":{"rendered":"<p>Strumpfhose mit erhabener R\u00fcckenlinie in der Mitte des Strumpfes.<br \/>\n Sie bestehen aus 40 Den Mikrofaser und sind extrem weich und bequem<\/p>\n<p> Zusammensetzung: 85 % POLYAMID 15 % ELASTHAN<\/p>\n<p> <strong>Hinweis:<\/strong> F\u00fcr diesen Artikeltyp ist kein Umtausch und\/oder keine R\u00fcckgabe m\u00f6glich.<\/p>\n","protected":false},"featured_media":483395,"template":"","meta":{"_acf_changed":false},"product_brand":[],"product_cat":[1450],"product_tag":[],"class_list":{"0":"post-381002","1":"product","2":"type-product","3":"status-publish","4":"has-post-thumbnail","6":"product_cat-tanz-und-tanzsocken","7":"pa_brand-pridance-de","9":"first","10":"instock","11":"shipping-taxable","12":"purchasable","13":"product-type-variable"},"acf":[],"_links":{"self":[{"href":"https:\/\/www.letutudanza.it\/de\/wp-json\/wp\/v2\/product\/381002","targetHints":{"allow":["GET"]}}],"collection":[{"href":"https:\/\/www.letutudanza.it\/de\/wp-json\/wp\/v2\/product"}],"about":[{"href":"https:\/\/www.letutudanza.it\/de\/wp-json\/wp\/v2\/types\/product"}],"wp:featuredmedia":[{"embeddable":true,"href":"https:\/\/www.letutudanza.it\/de\/wp-json\/wp\/v2\/media\/483395"}],"wp:attachment":[{"href":"https:\/\/www.letutudanza.it\/de\/wp-json\/wp\/v2\/media?parent=381002"}],"wp:term":[{"taxonomy":"product_brand","embeddable":true,"href":"https:\/\/www.letutudanza.it\/de\/wp-json\/wp\/v2\/product_brand?post=381002"},{"taxonomy":"product_cat","embeddable":true,"href":"https:\/\/www.letutudanza.it\/de\/wp-json\/wp\/v2\/product_cat?post=381002"},{"taxonomy":"product_tag","embeddable":true,"href":"https:\/\/www.letutudanza.it\/de\/wp-json\/wp\/v2\/product_tag?post=381002"}],"curies":[{"name":"wp","href":"https:\/\/api.w.org\/{rel}","templated":true}]}}