{"id":380987,"date":"2021-07-13T15:53:10","date_gmt":"2021-07-13T13:53:10","guid":{"rendered":"https:\/\/letutudanza.it\/prodotto\/wandelbare-strumpfhose-von-capezio"},"modified":"2025-12-17T14:52:01","modified_gmt":"2025-12-17T13:52:01","slug":"capezio-wandelbare-strumpfhose-2","status":"publish","type":"product","link":"https:\/\/www.letutudanza.it\/de\/prodotto\/capezio-wandelbare-strumpfhose-2","title":{"rendered":"Umwandelbare Tanzstrumpfhose von Capezio"},"content":{"rendered":"<p>Farbe als Foto<\/p>\n","protected":false},"excerpt":{"rendered":"<p>Strumpfhose aus weicher Mikrofaser, blickdicht. Extrem elastisch und widerstandsf\u00e4hig.<br \/>\n Elastischer Bund und Loch an der Fu\u00dfsohle erm\u00f6glichen es, die Strumpfhose mit jedem Tanzschuh herunterzuziehen oder zum Barfu\u00dftanzen hochzukrempeln.<\/p>\n<p>Zusammensetzung: 88 % Nylon und 12 % Spandex.<\/p>\n<p><strong>NB:<\/strong> Umtausch und\/oder R\u00fcckgabe f\u00fcr diese Art von Artikeln sind nicht m\u00f6glich<\/p>\n","protected":false},"featured_media":325930,"template":"","meta":{"_acf_changed":false},"product_brand":[],"product_cat":[1450,1447],"product_tag":[],"class_list":{"0":"post-380987","1":"product","2":"type-product","3":"status-publish","4":"has-post-thumbnail","6":"product_cat-tanz-und-tanzsocken","7":"product_cat-zubehor","8":"pa_brand-capezio-de","10":"first","11":"instock","12":"shipping-taxable","13":"purchasable","14":"product-type-variable"},"acf":[],"_links":{"self":[{"href":"https:\/\/www.letutudanza.it\/de\/wp-json\/wp\/v2\/product\/380987","targetHints":{"allow":["GET"]}}],"collection":[{"href":"https:\/\/www.letutudanza.it\/de\/wp-json\/wp\/v2\/product"}],"about":[{"href":"https:\/\/www.letutudanza.it\/de\/wp-json\/wp\/v2\/types\/product"}],"wp:featuredmedia":[{"embeddable":true,"href":"https:\/\/www.letutudanza.it\/de\/wp-json\/wp\/v2\/media\/325930"}],"wp:attachment":[{"href":"https:\/\/www.letutudanza.it\/de\/wp-json\/wp\/v2\/media?parent=380987"}],"wp:term":[{"taxonomy":"product_brand","embeddable":true,"href":"https:\/\/www.letutudanza.it\/de\/wp-json\/wp\/v2\/product_brand?post=380987"},{"taxonomy":"product_cat","embeddable":true,"href":"https:\/\/www.letutudanza.it\/de\/wp-json\/wp\/v2\/product_cat?post=380987"},{"taxonomy":"product_tag","embeddable":true,"href":"https:\/\/www.letutudanza.it\/de\/wp-json\/wp\/v2\/product_tag?post=380987"}],"curies":[{"name":"wp","href":"https:\/\/api.w.org\/{rel}","templated":true}]}}