{"id":380975,"date":"2021-07-13T15:41:28","date_gmt":"2021-07-13T13:41:28","guid":{"rendered":"https:\/\/letutudanza.it\/prodotto\/bloch-pointe-kissenpolster"},"modified":"2026-03-03T11:14:37","modified_gmt":"2026-03-03T10:14:37","slug":"spitzenschutz-bloch-spitzenkissen","status":"publish","type":"product","link":"https:\/\/www.letutudanza.it\/de\/prodotto\/spitzenschutz-bloch-spitzenkissen","title":{"rendered":"Spitzenschutz aus Silikon und Pointe Cushion Bloch-Gewebe"},"content":{"rendered":"<p>Diese Protektoren bestehen aus weichem Silikon, das mit Stretchgewebe \u00fcberzogen ist. Die Dicke ist ultrad\u00fcnn, was es Ihnen erm\u00f6glicht, Sensibilit\u00e4t und Flexibilit\u00e4t bei der Verwendung von Spitzenschuhen zu bewahren und den Mittelfu\u00dfbereich dank der extremen Anpassungsf\u00e4higkeit des Materials an die Morphologie des Fu\u00dfes so weit wie m\u00f6glich vor Absch\u00fcrfungen, Reibungen und Dr\u00fccken zu sch\u00fctzen. Wiederverwendbares und waschbares Produkt.<\/p>\n","protected":false},"excerpt":{"rendered":"<p>Diese Schoner bestehen aus weichem Silikon, das mit dehnbarem Stoff \u00fcberzogen ist.<\/p>\n<p> Die Dicke ist ultrad\u00fcnn, wodurch Sensibilit\u00e4t und Beweglichkeit beim Tragen von Spitzenschuhen erhalten bleiben, w\u00e4hrend der Mittelfu\u00dfbereich dank der extremen Anpassungsf\u00e4higkeit des Materials an die Fu\u00dfmorphologie maximal vor Abrieb, Reibung und Druck gesch\u00fctzt wird.<\/p>\n<p> Waschbares und wiederverwendbares Produkt.<\/p>\n","protected":false},"featured_media":387713,"template":"","meta":{"_acf_changed":false},"product_brand":[],"product_cat":[1448,1447],"product_tag":[],"class_list":{"0":"post-380975","1":"product","2":"type-product","3":"status-publish","4":"has-post-thumbnail","6":"product_cat-zubehor-fur-schuhe-und-fusse","7":"product_cat-zubehor","8":"pa_brand-bloch-de","10":"first","11":"instock","12":"shipping-taxable","13":"purchasable","14":"product-type-variable"},"acf":[],"_links":{"self":[{"href":"https:\/\/www.letutudanza.it\/de\/wp-json\/wp\/v2\/product\/380975","targetHints":{"allow":["GET"]}}],"collection":[{"href":"https:\/\/www.letutudanza.it\/de\/wp-json\/wp\/v2\/product"}],"about":[{"href":"https:\/\/www.letutudanza.it\/de\/wp-json\/wp\/v2\/types\/product"}],"wp:featuredmedia":[{"embeddable":true,"href":"https:\/\/www.letutudanza.it\/de\/wp-json\/wp\/v2\/media\/387713"}],"wp:attachment":[{"href":"https:\/\/www.letutudanza.it\/de\/wp-json\/wp\/v2\/media?parent=380975"}],"wp:term":[{"taxonomy":"product_brand","embeddable":true,"href":"https:\/\/www.letutudanza.it\/de\/wp-json\/wp\/v2\/product_brand?post=380975"},{"taxonomy":"product_cat","embeddable":true,"href":"https:\/\/www.letutudanza.it\/de\/wp-json\/wp\/v2\/product_cat?post=380975"},{"taxonomy":"product_tag","embeddable":true,"href":"https:\/\/www.letutudanza.it\/de\/wp-json\/wp\/v2\/product_tag?post=380975"}],"curies":[{"name":"wp","href":"https:\/\/api.w.org\/{rel}","templated":true}]}}