{"id":380970,"date":"2021-07-13T16:04:26","date_gmt":"2021-07-13T14:04:26","guid":{"rendered":"https:\/\/letutudanza.it\/prodotto\/lateinische-strumpfhose-von-pridance"},"modified":"2026-03-23T15:51:43","modified_gmt":"2026-03-23T14:51:43","slug":"strumpfhosen-pridance-latino-2","status":"publish","type":"product","link":"https:\/\/www.letutudanza.it\/de\/prodotto\/strumpfhosen-pridance-latino-2","title":{"rendered":"Pridance Glanzstrumpfhose"},"content":{"rendered":"<p>ideal f\u00fcr Modern Dance, Fitness- und Gesellschaftstanz<\/p>\n","protected":false},"excerpt":{"rendered":"<p>Extrem strapazierf\u00e4hige Strumpfhosen mit Fu\u00df, die den Beinen einen wunderbaren Glanz verleihen.<br \/>\n 40 Denier. Hellbraun ger\u00f6stet (wie abgebildet) <\/p>\n<p><strong>Hinweis:<\/strong> Umtausch und\/oder R\u00fcckgabe sind f\u00fcr diesen Artikel nicht m\u00f6glich<\/p>\n","protected":false},"featured_media":483447,"template":"","meta":{"_acf_changed":false},"product_brand":[],"product_cat":[1450],"product_tag":[],"class_list":{"0":"post-380970","1":"product","2":"type-product","3":"status-publish","4":"has-post-thumbnail","6":"product_cat-tanz-und-tanzsocken","7":"pa_brand-pridance-de","9":"first","10":"instock","11":"shipping-taxable","12":"purchasable","13":"product-type-variable"},"acf":[],"_links":{"self":[{"href":"https:\/\/www.letutudanza.it\/de\/wp-json\/wp\/v2\/product\/380970","targetHints":{"allow":["GET"]}}],"collection":[{"href":"https:\/\/www.letutudanza.it\/de\/wp-json\/wp\/v2\/product"}],"about":[{"href":"https:\/\/www.letutudanza.it\/de\/wp-json\/wp\/v2\/types\/product"}],"wp:featuredmedia":[{"embeddable":true,"href":"https:\/\/www.letutudanza.it\/de\/wp-json\/wp\/v2\/media\/483447"}],"wp:attachment":[{"href":"https:\/\/www.letutudanza.it\/de\/wp-json\/wp\/v2\/media?parent=380970"}],"wp:term":[{"taxonomy":"product_brand","embeddable":true,"href":"https:\/\/www.letutudanza.it\/de\/wp-json\/wp\/v2\/product_brand?post=380970"},{"taxonomy":"product_cat","embeddable":true,"href":"https:\/\/www.letutudanza.it\/de\/wp-json\/wp\/v2\/product_cat?post=380970"},{"taxonomy":"product_tag","embeddable":true,"href":"https:\/\/www.letutudanza.it\/de\/wp-json\/wp\/v2\/product_tag?post=380970"}],"curies":[{"name":"wp","href":"https:\/\/api.w.org\/{rel}","templated":true}]}}