{"id":380939,"date":"2021-07-13T15:37:22","date_gmt":"2021-07-13T13:37:22","guid":{"rendered":"https:\/\/letutudanza.it\/prodotto\/rad-coppelia-socke"},"modified":"2026-04-30T12:36:57","modified_gmt":"2026-04-30T10:36:57","slug":"socke-rad-coppelia-2","status":"publish","type":"product","link":"https:\/\/www.letutudanza.it\/de\/prodotto\/socke-rad-coppelia-2","title":{"rendered":"Rad Coppelia Tanzsocke"},"content":{"rendered":"<p>K\u00f6nigliche Akademie des Tanzes.<\/p>\n<p>Offiziell von der RAD f\u00fcr die Herstellung von Tanzstrumpfhosen zugelassen.<\/p>\n","protected":false},"excerpt":{"rendered":"<p>Hautfarbene Tanzsocke<\/p>\n<p> Offiziell von der RAD (Royal Academy of Dance) f\u00fcr die Herstellung von Tanzstrumpfhosen zugelassen.<\/p>\n<p> Nur in den Gr\u00f6\u00dfen 39-41 erh\u00e4ltlich<\/p>\n","protected":false},"featured_media":324956,"template":"","meta":{"_acf_changed":false},"product_brand":[],"product_cat":[1452,1451,1450,1447,1448],"product_tag":[],"class_list":{"0":"post-380939","1":"product","2":"type-product","3":"status-publish","4":"has-post-thumbnail","6":"product_cat-zubehor-ausfuhrung","7":"product_cat-auslauf","8":"product_cat-tanz-und-tanzsocken","9":"product_cat-zubehor","10":"product_cat-zubehor-fur-schuhe-und-fusse","11":"pa_brand-koppelia","13":"first","14":"instock","15":"sale","16":"shipping-taxable","17":"purchasable","18":"product-type-simple"},"acf":[],"_links":{"self":[{"href":"https:\/\/www.letutudanza.it\/de\/wp-json\/wp\/v2\/product\/380939","targetHints":{"allow":["GET"]}}],"collection":[{"href":"https:\/\/www.letutudanza.it\/de\/wp-json\/wp\/v2\/product"}],"about":[{"href":"https:\/\/www.letutudanza.it\/de\/wp-json\/wp\/v2\/types\/product"}],"wp:featuredmedia":[{"embeddable":true,"href":"https:\/\/www.letutudanza.it\/de\/wp-json\/wp\/v2\/media\/324956"}],"wp:attachment":[{"href":"https:\/\/www.letutudanza.it\/de\/wp-json\/wp\/v2\/media?parent=380939"}],"wp:term":[{"taxonomy":"product_brand","embeddable":true,"href":"https:\/\/www.letutudanza.it\/de\/wp-json\/wp\/v2\/product_brand?post=380939"},{"taxonomy":"product_cat","embeddable":true,"href":"https:\/\/www.letutudanza.it\/de\/wp-json\/wp\/v2\/product_cat?post=380939"},{"taxonomy":"product_tag","embeddable":true,"href":"https:\/\/www.letutudanza.it\/de\/wp-json\/wp\/v2\/product_tag?post=380939"}],"curies":[{"name":"wp","href":"https:\/\/api.w.org\/{rel}","templated":true}]}}