{"id":380895,"date":"2021-07-13T15:48:31","date_gmt":"2021-07-13T13:48:31","guid":{"rendered":"https:\/\/letutudanza.it\/prodotto\/spitzenschuhe-gaynor-minden-hard"},"modified":"2025-12-29T11:33:18","modified_gmt":"2025-12-29T10:33:18","slug":"spitzenschuhe-gaynor-minden-hard","status":"publish","type":"product","link":"https:\/\/www.letutudanza.it\/de\/prodotto\/spitzenschuhe-gaynor-minden-hard","title":{"rendered":"Gaynor Minden Harte Spitzenschuhe"},"content":{"rendered":"<p>Erh\u00e4ltlich in Box 3 und Box 4. Erkennbar an der gr\u00fcnen T\u00fcte.<\/p>\n<p>Verkauft mit folgenden Funktionen:<\/p>\n<ul>\n<li>Modell Classic<\/li>\n<li>Breite Med<\/li>\n<li>Vamp Deep<\/li>\n<li>Absatz hoch<\/li>\n<\/ul>\n","protected":false},"excerpt":{"rendered":"<p>Spitzenschuhe von Gaynor Minden bestehen aus einem bruchsicheren Elastomerharz mit Poron-Beschichtung: Diese patentierte Struktur verleiht dem Spitzenschuh eine au\u00dfergew\u00f6hnliche Flexibilit\u00e4t und eine etwa 3-4-mal h\u00f6here Widerstandsf\u00e4higkeit als andere Spitzenschuhe.<\/p>\n<p> Innen verf\u00fcgen sie \u00fcber ein <strong>d\u00e4mpfendes Schaumstofffutter unter den Zehen<\/strong> und der Ferse, das dem T\u00e4nzer eine angenehme Sto\u00dfd\u00e4mpfung und eine leise Landung gew\u00e4hrleistet.<\/p>\n<p> Der Satin, aus dem sie bestehen, ist gef\u00fcttert, um die Atmungsaktivit\u00e4t des Fu\u00dfes zu f\u00f6rdern.<\/p>\n","protected":false},"featured_media":453213,"template":"","meta":{"_acf_changed":false},"product_brand":[],"product_cat":[2688,1617,1663],"product_tag":[],"class_list":{"0":"post-380895","1":"product","2":"type-product","3":"status-publish","4":"has-post-thumbnail","6":"product_cat-gaynor-minden-spitzenschuhe","7":"product_cat-schuhe","8":"product_cat-spitzenschuhe","9":"pa_brand-gaynor-minden-de","11":"first","12":"instock","13":"shipping-taxable","14":"purchasable","15":"product-type-variable"},"acf":[],"_links":{"self":[{"href":"https:\/\/www.letutudanza.it\/de\/wp-json\/wp\/v2\/product\/380895","targetHints":{"allow":["GET"]}}],"collection":[{"href":"https:\/\/www.letutudanza.it\/de\/wp-json\/wp\/v2\/product"}],"about":[{"href":"https:\/\/www.letutudanza.it\/de\/wp-json\/wp\/v2\/types\/product"}],"wp:featuredmedia":[{"embeddable":true,"href":"https:\/\/www.letutudanza.it\/de\/wp-json\/wp\/v2\/media\/453213"}],"wp:attachment":[{"href":"https:\/\/www.letutudanza.it\/de\/wp-json\/wp\/v2\/media?parent=380895"}],"wp:term":[{"taxonomy":"product_brand","embeddable":true,"href":"https:\/\/www.letutudanza.it\/de\/wp-json\/wp\/v2\/product_brand?post=380895"},{"taxonomy":"product_cat","embeddable":true,"href":"https:\/\/www.letutudanza.it\/de\/wp-json\/wp\/v2\/product_cat?post=380895"},{"taxonomy":"product_tag","embeddable":true,"href":"https:\/\/www.letutudanza.it\/de\/wp-json\/wp\/v2\/product_tag?post=380895"}],"curies":[{"name":"wp","href":"https:\/\/api.w.org\/{rel}","templated":true}]}}