{"id":380860,"date":"2021-07-13T15:32:11","date_gmt":"2021-07-13T13:32:11","guid":{"rendered":"https:\/\/letutudanza.it\/prodotto\/dancapezio-ds-01-sneaker"},"modified":"2025-12-09T12:39:41","modified_gmt":"2025-12-09T11:39:41","slug":"dansneaker-capezio-ds01","status":"publish","type":"product","link":"https:\/\/www.letutudanza.it\/de\/prodotto\/dansneaker-capezio-ds01","title":{"rendered":"Tanzschuhe DanSneaker Capezio DS 01"},"content":{"rendered":"<p><strong>Produktmerkmale:<\/strong><\/p>\n<ul>\n<li><span dir=\"auto\">Geteilte Sohle f\u00fcr mehr Flexibilit\u00e4t<\/span><\/li>\n<li><span dir=\"auto\">Leder mit Polyurethansohle, leicht und widerstandsf\u00e4hig<\/span><\/li>\n<li><span dir=\"auto\">Hervorragende Sto\u00dfd\u00e4mpfung<\/span><\/li>\n<li><span dir=\"auto\">Herausnehmbare EVA-Einlegesohle<\/span><\/li>\n<li><span dir=\"auto\">Gepolsterte Zunge und Kragen f\u00fcr zus\u00e4tzlichen Komfort<\/span><\/li>\n<\/ul>\n","protected":false},"excerpt":{"rendered":"<p>Schuh h\u00f6chster Qualit\u00e4t: Obermaterial aus Leder und Sohle aus Polyurethan, die St\u00f6\u00dfe hervorragend absorbiert.<br \/>\n Ausgestattet mit einem Klettverschluss am Kn\u00f6chel, der f\u00fcr mehr Stabilit\u00e4t, Sicherheit und Halt beim Bodenkontakt sorgt.<\/p>\n<p> Um das Anziehen zu erleichtern, empfehlen wir, eine Nummer gr\u00f6\u00dfer zu kaufen.<br \/>\n Nummerierung bereits auf Italienisch umgestellt<\/p>\n","protected":false},"featured_media":324946,"template":"","meta":{"_acf_changed":false},"product_brand":[],"product_cat":[1836,1617],"product_tag":[],"class_list":{"0":"post-380860","1":"product","2":"type-product","3":"status-publish","4":"has-post-thumbnail","6":"product_cat-sneakers-und-jazzschuhe","7":"product_cat-schuhe","8":"pa_brand-capezio-de","10":"first","11":"instock","12":"shipping-taxable","13":"purchasable","14":"product-type-variable"},"acf":[],"_links":{"self":[{"href":"https:\/\/www.letutudanza.it\/de\/wp-json\/wp\/v2\/product\/380860","targetHints":{"allow":["GET"]}}],"collection":[{"href":"https:\/\/www.letutudanza.it\/de\/wp-json\/wp\/v2\/product"}],"about":[{"href":"https:\/\/www.letutudanza.it\/de\/wp-json\/wp\/v2\/types\/product"}],"wp:featuredmedia":[{"embeddable":true,"href":"https:\/\/www.letutudanza.it\/de\/wp-json\/wp\/v2\/media\/324946"}],"wp:attachment":[{"href":"https:\/\/www.letutudanza.it\/de\/wp-json\/wp\/v2\/media?parent=380860"}],"wp:term":[{"taxonomy":"product_brand","embeddable":true,"href":"https:\/\/www.letutudanza.it\/de\/wp-json\/wp\/v2\/product_brand?post=380860"},{"taxonomy":"product_cat","embeddable":true,"href":"https:\/\/www.letutudanza.it\/de\/wp-json\/wp\/v2\/product_cat?post=380860"},{"taxonomy":"product_tag","embeddable":true,"href":"https:\/\/www.letutudanza.it\/de\/wp-json\/wp\/v2\/product_tag?post=380860"}],"curies":[{"name":"wp","href":"https:\/\/api.w.org\/{rel}","templated":true}]}}