{"id":380857,"date":"2021-07-13T15:22:08","date_gmt":"2021-07-13T13:22:08","guid":{"rendered":"https:\/\/letutudanza.it\/prodotto\/bloch-criss-cross-baby-turnschuhe"},"modified":"2026-04-21T21:09:22","modified_gmt":"2026-04-21T19:09:22","slug":"sneaker-bloch-criss-cross-baby","status":"publish","type":"product","link":"https:\/\/www.letutudanza.it\/de\/prodotto\/sneaker-bloch-criss-cross-baby","title":{"rendered":"Tanzschuh-Sneakers Bloch Criss Cross Baby"},"content":{"rendered":"<p><strong>Eigenschaften<\/strong><\/p>\n<ul>\n<li>Ausgestattet mit einem TPU-Drehpunkt, der eine einfache Drehung erm\u00f6glicht<\/li>\n<li>Integrierte Unterst\u00fctzung zur Betonung der Bogenform<\/li>\n<li>Atmungsaktives Dri-Lex-Futter f\u00fcr feuchtigkeitsableitenden Komfort<\/li>\n<li>Flexible, nicht abf\u00e4rbende Au\u00dfensohle<\/li>\n<li>Leichtes Obermaterial aus Mesh-Gewebe f\u00fcr bessere Atmungsaktivit\u00e4t<\/li>\n<\/ul>\n","protected":false},"excerpt":{"rendered":"<p>\u00c4u\u00dferst vielseitige Sneaker mit geteilter Sohle und verziert mit einem Kreuzmotiv.<br \/>\n Sie bestehen aus atmungsaktivem Material und bieten eine hervorragende Unterst\u00fctzung des Fu\u00dfgew\u00f6lbes.<\/p>\n<p> Materialien:<br \/>\n Kunstleder; Netzgewebe<br \/>\n Schn\u00fcrsenkel aus 100 % Polyester.<\/p>\n<p>&nbsp;<\/p>\n","protected":false},"featured_media":324940,"template":"","meta":{"_acf_changed":false},"product_brand":[],"product_cat":[1836,1617],"product_tag":[],"class_list":{"0":"post-380857","1":"product","2":"type-product","3":"status-publish","4":"has-post-thumbnail","6":"product_cat-sneakers-und-jazzschuhe","7":"product_cat-schuhe","8":"pa_brand-bloch-de","10":"first","11":"instock","12":"shipping-taxable","13":"purchasable","14":"product-type-variable"},"acf":[],"_links":{"self":[{"href":"https:\/\/www.letutudanza.it\/de\/wp-json\/wp\/v2\/product\/380857","targetHints":{"allow":["GET"]}}],"collection":[{"href":"https:\/\/www.letutudanza.it\/de\/wp-json\/wp\/v2\/product"}],"about":[{"href":"https:\/\/www.letutudanza.it\/de\/wp-json\/wp\/v2\/types\/product"}],"wp:featuredmedia":[{"embeddable":true,"href":"https:\/\/www.letutudanza.it\/de\/wp-json\/wp\/v2\/media\/324940"}],"wp:attachment":[{"href":"https:\/\/www.letutudanza.it\/de\/wp-json\/wp\/v2\/media?parent=380857"}],"wp:term":[{"taxonomy":"product_brand","embeddable":true,"href":"https:\/\/www.letutudanza.it\/de\/wp-json\/wp\/v2\/product_brand?post=380857"},{"taxonomy":"product_cat","embeddable":true,"href":"https:\/\/www.letutudanza.it\/de\/wp-json\/wp\/v2\/product_cat?post=380857"},{"taxonomy":"product_tag","embeddable":true,"href":"https:\/\/www.letutudanza.it\/de\/wp-json\/wp\/v2\/product_tag?post=380857"}],"curies":[{"name":"wp","href":"https:\/\/api.w.org\/{rel}","templated":true}]}}