{"id":380771,"date":"2021-07-13T15:15:28","date_gmt":"2021-07-13T13:15:28","guid":{"rendered":"https:\/\/letutudanza.it\/prodotto\/scarpa-teacher-triunfo-t-kreuzung"},"modified":"2026-02-19T15:11:34","modified_gmt":"2026-02-19T14:11:34","slug":"schuh-lehrer-triunfo-crossing-at","status":"publish","type":"product","link":"https:\/\/www.letutudanza.it\/de\/prodotto\/schuh-lehrer-triunfo-crossing-at","title":{"rendered":"Triunfo T-Cross Leder-Tanzschuhe f\u00fcr Lehrer"},"content":{"rendered":"<h2 style=\"text-align: center;\">Triunfo T-Strap Wildleder-Tanzlehrerschuhe<\/h2>\n<p>Die Triunfo T-Bar-Tanzschuhe f\u00fcr Tanzlehrer sind auf Komfort, Stabilit\u00e4t und Bewegungsfreiheit beim Unterrichten ausgelegt. Das griechische Sandalen-Design sorgt auch nach stundenlangem Tragen f\u00fcr ein angenehmes und k\u00fchles Tragegef\u00fchl. <\/p>\n<p>Das Obermaterial aus Wildleder und die durchgehende Sohle sorgen f\u00fcr guten Halt auf dem Boden, w\u00e4hrend der elastische Riemen das Anziehen erleichtert und den Fu\u00df sicher fixiert. Der niedrige 2-cm-Absatz ist ideal f\u00fcr lange Kurse und Studioarbeit. <\/p>\n<p>Erh\u00e4ltlich in Schwarz zur sofortigen Lieferung und in Hautfarbe auf Bestellung mit einer Lieferzeit von ca. 7 Tagen.<\/p>\n","protected":false},"excerpt":{"rendered":"<p>Wildleder-T-Sandalen f\u00fcr Tanzlehrerinnen. Mit niedrigem 2-cm-Absatz und elastischem Riemen sind sie ideal f\u00fcr den Unterricht und den t\u00e4glichen Studioalltag. <\/p>\n<p><strong>Hautfarben auf Bestellung<\/strong> : Lieferzeit: 15 Tage<\/p>\n","protected":false},"featured_media":324936,"template":"","meta":{"_acf_changed":false},"product_brand":[],"product_cat":[1802,1617],"product_tag":[],"class_list":{"0":"post-380771","1":"product","2":"type-product","3":"status-publish","4":"has-post-thumbnail","6":"product_cat-lehrschuhe-und-charakter","7":"product_cat-schuhe","8":"pa_brand-triumph","10":"first","11":"instock","12":"shipping-taxable","13":"purchasable","14":"product-type-variable"},"acf":[],"_links":{"self":[{"href":"https:\/\/www.letutudanza.it\/de\/wp-json\/wp\/v2\/product\/380771","targetHints":{"allow":["GET"]}}],"collection":[{"href":"https:\/\/www.letutudanza.it\/de\/wp-json\/wp\/v2\/product"}],"about":[{"href":"https:\/\/www.letutudanza.it\/de\/wp-json\/wp\/v2\/types\/product"}],"wp:featuredmedia":[{"embeddable":true,"href":"https:\/\/www.letutudanza.it\/de\/wp-json\/wp\/v2\/media\/324936"}],"wp:attachment":[{"href":"https:\/\/www.letutudanza.it\/de\/wp-json\/wp\/v2\/media?parent=380771"}],"wp:term":[{"taxonomy":"product_brand","embeddable":true,"href":"https:\/\/www.letutudanza.it\/de\/wp-json\/wp\/v2\/product_brand?post=380771"},{"taxonomy":"product_cat","embeddable":true,"href":"https:\/\/www.letutudanza.it\/de\/wp-json\/wp\/v2\/product_cat?post=380771"},{"taxonomy":"product_tag","embeddable":true,"href":"https:\/\/www.letutudanza.it\/de\/wp-json\/wp\/v2\/product_tag?post=380771"}],"curies":[{"name":"wp","href":"https:\/\/api.w.org\/{rel}","templated":true}]}}