{"id":380629,"date":"2022-12-07T15:20:54","date_gmt":"2022-12-07T14:20:54","guid":{"rendered":"https:\/\/letutudanza.it\/prodotto\/silhouette-halskette-mit-goldfarbenem-ballerina-anhaenger"},"modified":"2024-12-25T12:49:19","modified_gmt":"2024-12-25T11:49:19","slug":"goldfarbene-halskette-mit-sous-sus-ballerina-anhanger","status":"publish","type":"product","link":"https:\/\/www.letutudanza.it\/de\/prodotto\/goldfarbene-halskette-mit-sous-sus-ballerina-anhanger","title":{"rendered":"Silhouette-Halskette mit goldfarbenem Ballerina-Anh\u00e4nger"},"content":{"rendered":"<p>Lange Halskette mit Silhouette Ballerina-Anh\u00e4nger aus goldfarbenem Stahl, der einen Pass\u00e8 darstellt<\/p>\n<p>Kettenl\u00e4nge ca. 80 cm.<br \/>\nAnh\u00e4ngerh\u00f6he ca. 5,2 cm.<\/p>\n<p>NB Gratis zu diesem Artikel Tasche mit Tanzmotiv (Ma\u00dfe 9&#215;5,5&#215;12 cm)<\/p>\n","protected":false},"excerpt":{"rendered":"<p>Lange Halskette mit Silhouette Ballerina-Anh\u00e4nger aus goldfarbenem Stahl, der einen Pass\u00e8 darstellt<\/p>\n<p>Kettenl\u00e4nge ca. 80 cm.<br \/>\nAnh\u00e4ngerh\u00f6he ca. 5,2 cm.<\/p>\n<p>NB Gratis zu diesem Artikel Tasche mit Tanzmotiv (Ma\u00dfe 9&#215;5,5&#215;12 cm)<\/p>\n","protected":false},"featured_media":465886,"template":"","meta":{"_acf_changed":false},"product_brand":[],"product_cat":[1470],"product_tag":[],"class_list":{"0":"post-380629","1":"product","2":"type-product","3":"status-publish","4":"has-post-thumbnail","6":"product_cat-geschenkideen","7":"pa_brand-girardi-de","9":"first","10":"instock","11":"shipping-taxable","12":"purchasable","13":"product-type-simple"},"acf":[],"_links":{"self":[{"href":"https:\/\/www.letutudanza.it\/de\/wp-json\/wp\/v2\/product\/380629","targetHints":{"allow":["GET"]}}],"collection":[{"href":"https:\/\/www.letutudanza.it\/de\/wp-json\/wp\/v2\/product"}],"about":[{"href":"https:\/\/www.letutudanza.it\/de\/wp-json\/wp\/v2\/types\/product"}],"wp:featuredmedia":[{"embeddable":true,"href":"https:\/\/www.letutudanza.it\/de\/wp-json\/wp\/v2\/media\/465886"}],"wp:attachment":[{"href":"https:\/\/www.letutudanza.it\/de\/wp-json\/wp\/v2\/media?parent=380629"}],"wp:term":[{"taxonomy":"product_brand","embeddable":true,"href":"https:\/\/www.letutudanza.it\/de\/wp-json\/wp\/v2\/product_brand?post=380629"},{"taxonomy":"product_cat","embeddable":true,"href":"https:\/\/www.letutudanza.it\/de\/wp-json\/wp\/v2\/product_cat?post=380629"},{"taxonomy":"product_tag","embeddable":true,"href":"https:\/\/www.letutudanza.it\/de\/wp-json\/wp\/v2\/product_tag?post=380629"}],"curies":[{"name":"wp","href":"https:\/\/api.w.org\/{rel}","templated":true}]}}