{"id":380583,"date":"2022-11-15T16:19:38","date_gmt":"2022-11-15T15:19:38","guid":{"rendered":"https:\/\/letutudanza.it\/prodotto\/bloch-heritage-strong-spitzenschuhe"},"modified":"2025-12-22T16:21:39","modified_gmt":"2025-12-22T15:21:39","slug":"bloch-heritaga-stark","status":"publish","type":"product","link":"https:\/\/www.letutudanza.it\/de\/prodotto\/bloch-heritaga-stark","title":{"rendered":"Bloch Heritage Strong Spitzenschuhe"},"content":{"rendered":"<p>Der Heritage ist ein <strong>leichter, stromlinienf\u00f6rmiger Spitzenschuh<\/strong> mit breiter Passform, der f\u00fcr mehr Stabilit\u00e4t im Zehenbereich sorgt und das Gleichgewicht und die Rotation erleichtert.<\/p>\n<p>Die mittelfeste Textur unterst\u00fctzt und erleichtert den \u00dcbergang zur Halbspitze.<\/p>\n<p>Die <strong>Sohle und die flachen Falten f\u00fcgen sich nahtlos in den Schuh ein<\/strong> und schaffen eine glatte Oberfl\u00e4che, die dem T\u00e4nzer beim Laufen, Gehen oder Stehen Stabilit\u00e4t verleiht. Das Heritage Strong hat eine st\u00e4rkere Struktur als das klassische Heritage. Erh\u00e4ltlich in XX-Sohle<\/p>\n","protected":false},"excerpt":{"rendered":"<p><strong> Nachfolgend die Merkmale des Schuhs:<\/strong><\/p>\n<ul>\n<li>Low-Cut V-L\u00fcnette &#8211; Verleiht eine elegante, sich verj\u00fcngende Silhouette<\/li>\n<li><strong>Polsterung<\/strong> im Zehenbereich &#8211; Bietet erh\u00f6hten Zehenkomfort<\/li>\n<li>Polsterung unter den Falten &#8211; Rauschunterdr\u00fcckung<\/li>\n<li>Fersenkissen &#8211; Bedeckt die Ferse und beh\u00e4lt ihre Form bei<\/li>\n<li>Deep <strong>Cup Heel<\/strong> &#8211; Sichert die Ferse im Schuh<\/li>\n<li>L\u00e4ngliche Plattform &#8211; H\u00e4lt das Gewicht zentriert<\/li>\n<li><strong>Flexibler Fu\u00dfgew\u00f6lbeschaft<\/strong> &#8211; Betont das Fu\u00dfgew\u00f6lbe<\/li>\n<li>Flache Sohlenform &#8211; Verbessert die Gewichtsverteilung und gibt mehr Stabilit\u00e4t<\/li>\n<li><strong>Widerstandsf\u00e4higer<\/strong> und daher weniger anf\u00e4llig f\u00fcr klimatische Bedingungen wie Hitze und Feuchtigkeit<\/li>\n<\/ul>\n<p>&nbsp;<\/p>\n","protected":false},"featured_media":326628,"template":"","meta":{"_acf_changed":false},"product_brand":[],"product_cat":[2683,1617,1663],"product_tag":[],"class_list":{"0":"post-380583","1":"product","2":"type-product","3":"status-publish","4":"has-post-thumbnail","6":"product_cat-bloch-spitzenschuhe","7":"product_cat-schuhe","8":"product_cat-spitzenschuhe","9":"pa_brand-bloch-de","11":"first","12":"instock","13":"shipping-taxable","14":"purchasable","15":"product-type-variable"},"acf":[],"_links":{"self":[{"href":"https:\/\/www.letutudanza.it\/de\/wp-json\/wp\/v2\/product\/380583","targetHints":{"allow":["GET"]}}],"collection":[{"href":"https:\/\/www.letutudanza.it\/de\/wp-json\/wp\/v2\/product"}],"about":[{"href":"https:\/\/www.letutudanza.it\/de\/wp-json\/wp\/v2\/types\/product"}],"wp:featuredmedia":[{"embeddable":true,"href":"https:\/\/www.letutudanza.it\/de\/wp-json\/wp\/v2\/media\/326628"}],"wp:attachment":[{"href":"https:\/\/www.letutudanza.it\/de\/wp-json\/wp\/v2\/media?parent=380583"}],"wp:term":[{"taxonomy":"product_brand","embeddable":true,"href":"https:\/\/www.letutudanza.it\/de\/wp-json\/wp\/v2\/product_brand?post=380583"},{"taxonomy":"product_cat","embeddable":true,"href":"https:\/\/www.letutudanza.it\/de\/wp-json\/wp\/v2\/product_cat?post=380583"},{"taxonomy":"product_tag","embeddable":true,"href":"https:\/\/www.letutudanza.it\/de\/wp-json\/wp\/v2\/product_tag?post=380583"}],"curies":[{"name":"wp","href":"https:\/\/api.w.org\/{rel}","templated":true}]}}