{"id":380572,"date":"2022-11-02T18:50:54","date_gmt":"2022-11-02T17:50:54","guid":{"rendered":"https:\/\/letutudanza.it\/prodotto\/beinlinge-60-cm-mit-steigbuegel"},"modified":"2026-01-13T21:24:19","modified_gmt":"2026-01-13T20:24:19","slug":"beinstulpen-60-cm-mit-stegbugel","status":"publish","type":"product","link":"https:\/\/www.letutudanza.it\/de\/prodotto\/beinstulpen-60-cm-mit-stegbugel","title":{"rendered":"Tanzbeinstulpen 60 cm mit Steigb\u00fcgel"},"content":{"rendered":"<p><strong>Die 60 cm langen Steigb\u00fcgel-Beinw\u00e4rmer von Katz<\/strong> eignen sich ideal zum <strong>Aufw\u00e4rmen<\/strong> vor, w\u00e4hrend und nach dem Ballettunterricht.<\/p>\n<p>Der <strong>Fersenriemen<\/strong> sorgt f\u00fcr einen perfekten Sitz am Bein und h\u00e4lt die Beinlinge auch bei Barre- und Core-\u00dcbungen immer in der richtigen Position.<\/p>\n<p>Hergestellt aus <strong>100% weichem, hochwertigem Acryl<\/strong> , bieten sie eine hervorragende W\u00e4rmeisolierung, ohne steif oder unbequem zu sein, und tragen so zum Schutz von Waden, Kn\u00f6cheln und Sehnen bei und f\u00f6rdern die korrekte Muskelvorbereitung.<\/p>\n<p>Mit einer <strong>L\u00e4nge von 60 cm<\/strong> gew\u00e4hrleisten sie eine bessere Bedeckung des Beins und eignen sich besonders f\u00fcr den Einsatz in <strong>Tanzschulen, Akademien und im Unterricht.<br \/>\n t\u00e4glich<\/strong> .<\/p>\n<h3>Eigenschaften<\/h3>\n<ul>\n<li>Typ: Tanz-Beinw\u00e4rmer<\/li>\n<li>L\u00e4nge: 60 cm<\/li>\n<li>Steigb\u00fcgel: Mit Fersen\u00f6ffnung<\/li>\n<li>Material: 100 % Acryl<\/li>\n<li>Marke: Katz<\/li>\n<\/ul>\n","protected":false},"excerpt":{"rendered":"<p><strong>60 cm lange Tanz-Beinw\u00e4rmer mit Fersenriemen<\/strong> , ideal zum Aufw\u00e4rmen. Die Riemen sorgen f\u00fcr <strong>sicheren Halt und korrekte Positionierung<\/strong> im Unterricht. Hergestellt aus <strong>100 % weichem, hochwertigem Acryl<\/strong> , perfekt f\u00fcr Ballett.  <\/p>\n","protected":false},"featured_media":326590,"template":"","meta":{"_acf_changed":false},"product_brand":[],"product_cat":[2102,1449,1513,1522,1447],"product_tag":[],"class_list":{"0":"post-380572","1":"product","2":"type-product","3":"status-publish","4":"has-post-thumbnail","6":"product_cat-beinwarmer","7":"product_cat-dehnen-und-trainieren","8":"product_cat-kleidung","9":"product_cat-sich-warm-laufen","10":"product_cat-zubehor","11":"pa_brand-katz-de","13":"first","14":"instock","15":"shipping-taxable","16":"purchasable","17":"product-type-variable"},"acf":[],"_links":{"self":[{"href":"https:\/\/www.letutudanza.it\/de\/wp-json\/wp\/v2\/product\/380572","targetHints":{"allow":["GET"]}}],"collection":[{"href":"https:\/\/www.letutudanza.it\/de\/wp-json\/wp\/v2\/product"}],"about":[{"href":"https:\/\/www.letutudanza.it\/de\/wp-json\/wp\/v2\/types\/product"}],"wp:featuredmedia":[{"embeddable":true,"href":"https:\/\/www.letutudanza.it\/de\/wp-json\/wp\/v2\/media\/326590"}],"wp:attachment":[{"href":"https:\/\/www.letutudanza.it\/de\/wp-json\/wp\/v2\/media?parent=380572"}],"wp:term":[{"taxonomy":"product_brand","embeddable":true,"href":"https:\/\/www.letutudanza.it\/de\/wp-json\/wp\/v2\/product_brand?post=380572"},{"taxonomy":"product_cat","embeddable":true,"href":"https:\/\/www.letutudanza.it\/de\/wp-json\/wp\/v2\/product_cat?post=380572"},{"taxonomy":"product_tag","embeddable":true,"href":"https:\/\/www.letutudanza.it\/de\/wp-json\/wp\/v2\/product_tag?post=380572"}],"curies":[{"name":"wp","href":"https:\/\/api.w.org\/{rel}","templated":true}]}}