{"id":380499,"date":"2022-09-19T14:30:21","date_gmt":"2022-09-19T12:30:21","guid":{"rendered":"https:\/\/letutudanza.it\/prodotto\/capezio-hanami-demi-pointe-nude-2037w"},"modified":"2025-12-12T18:42:21","modified_gmt":"2025-12-12T17:42:21","slug":"capezio-hanami-nude-demi-pointe-2037w","status":"publish","type":"product","link":"https:\/\/www.letutudanza.it\/de\/prodotto\/capezio-hanami-nude-demi-pointe-2037w","title":{"rendered":"Capezio Hanami Demi Pointe Nude 2037W"},"content":{"rendered":"<p>PRODUKTEIGENSCHAFTEN:<\/p>\n<ul>\n<li>Ballettschuh aus Segeltuch<\/li>\n<li>Obermaterial aus Stretch-Canvas<\/li>\n<li>Geteilte Sohle mit einer aerodynamischen Verbindung, die sich besser an die Konturen des Fu\u00dfes anpasst<\/li>\n<li>Lederpatches<\/li>\n<li>Futter aus Polyester und Baumwolle<\/li>\n<li>Extrem flache Falten<\/li>\n<li>Kein Kordelzug<\/li>\n<li>Vormontierte Kreuzgummis<\/li>\n<\/ul>\n","protected":false},"excerpt":{"rendered":"<p>Die leichte Halbspitze von Capezio! Hergestellt aus vollst\u00e4ndig dehnbarem Canvas, das sich dehnt, um das Gef\u00fchl zu haben, nichts zu tragen.<\/p>\n<p>Die Au\u00dfensohle ist geteilt und bietet maximalen Mittelfu\u00dfschutz, wodurch der Fu\u00df besser abrollen kann.<\/p>\n<p><strong>Was den Hanami von anderen Demi-Spitzenschuhen unterscheidet,<\/strong> ist die patentierte Technologie, die einen nahtlosen Zwickel im Fu\u00dfgew\u00f6lbe erzeugt: Das bedeutet, dass es keine Naht gibt, die beim Zeigen und Beugen des Fu\u00dfes im Weg sein kann.<\/p>\n<p>Kein Schn\u00fcrverschluss.<\/p>\n","protected":false},"featured_media":387760,"template":"","meta":{"_acf_changed":false},"product_brand":[],"product_cat":[1864,2803,1617],"product_tag":[],"class_list":{"0":"post-380499","1":"product","2":"type-product","3":"status-publish","4":"has-post-thumbnail","6":"product_cat-halb-punkt-tanz","7":"product_cat-capezio-halbspitzenschuhe","8":"product_cat-schuhe","9":"pa_brand-capezio-de","11":"first","12":"instock","13":"shipping-taxable","14":"purchasable","15":"product-type-variable"},"acf":[],"_links":{"self":[{"href":"https:\/\/www.letutudanza.it\/de\/wp-json\/wp\/v2\/product\/380499","targetHints":{"allow":["GET"]}}],"collection":[{"href":"https:\/\/www.letutudanza.it\/de\/wp-json\/wp\/v2\/product"}],"about":[{"href":"https:\/\/www.letutudanza.it\/de\/wp-json\/wp\/v2\/types\/product"}],"wp:featuredmedia":[{"embeddable":true,"href":"https:\/\/www.letutudanza.it\/de\/wp-json\/wp\/v2\/media\/387760"}],"wp:attachment":[{"href":"https:\/\/www.letutudanza.it\/de\/wp-json\/wp\/v2\/media?parent=380499"}],"wp:term":[{"taxonomy":"product_brand","embeddable":true,"href":"https:\/\/www.letutudanza.it\/de\/wp-json\/wp\/v2\/product_brand?post=380499"},{"taxonomy":"product_cat","embeddable":true,"href":"https:\/\/www.letutudanza.it\/de\/wp-json\/wp\/v2\/product_cat?post=380499"},{"taxonomy":"product_tag","embeddable":true,"href":"https:\/\/www.letutudanza.it\/de\/wp-json\/wp\/v2\/product_tag?post=380499"}],"curies":[{"name":"wp","href":"https:\/\/api.w.org\/{rel}","templated":true}]}}