{"id":380496,"date":"2022-09-19T15:02:22","date_gmt":"2022-09-19T13:02:22","guid":{"rendered":"https:\/\/letutudanza.it\/prodotto\/kit-zum-annaehen-von-baendern-an-die-spitzen"},"modified":"2026-01-24T19:42:25","modified_gmt":"2026-01-24T18:42:25","slug":"kit-to-sew-bander-zu-spitzen","status":"publish","type":"product","link":"https:\/\/www.letutudanza.it\/de\/prodotto\/kit-to-sew-bander-zu-spitzen","title":{"rendered":"Kit zum Ann\u00e4hen von B\u00e4ndern an die Spitzen"},"content":{"rendered":"<p>Das Stitch Kit\u2122 ist ein Lebensretter f\u00fcr jede Ballett-en-pointe-T\u00e4nzerin. Enth\u00e4lt 70 Meter superstarke, nudefarbene Baumwolle, 2 gro\u00dfe Nadeln und eine ausf\u00fchrliche N\u00e4hanleitung. Ideal, um es immer in Ihrer Tasche zu haben.<\/p>\n","protected":false},"excerpt":{"rendered":"<p>Das Stitch Kit\u2122 ist ein Lebensretter f\u00fcr jede Ballettt\u00e4nzerin, die auf Spitze tanzt.<\/p>\n<p> Enth\u00e4lt 70 Meter extra starkes hautfarbenes Baumwollgarn, 2 gro\u00dfe Nadeln und eine detaillierte N\u00e4hanleitung.<\/p>\n<p> Ideal, um es immer in der Tasche dabei zu haben.<\/p>\n","protected":false},"featured_media":387738,"template":"","meta":{"_acf_changed":false},"product_brand":[],"product_cat":[1448,1447],"product_tag":[],"class_list":{"0":"post-380496","1":"product","2":"type-product","3":"status-publish","4":"has-post-thumbnail","6":"product_cat-zubehor-fur-schuhe-und-fusse","7":"product_cat-zubehor","8":"pa_brand-bunheads-de","10":"first","11":"instock","12":"shipping-taxable","13":"purchasable","14":"product-type-simple"},"acf":[],"_links":{"self":[{"href":"https:\/\/www.letutudanza.it\/de\/wp-json\/wp\/v2\/product\/380496","targetHints":{"allow":["GET"]}}],"collection":[{"href":"https:\/\/www.letutudanza.it\/de\/wp-json\/wp\/v2\/product"}],"about":[{"href":"https:\/\/www.letutudanza.it\/de\/wp-json\/wp\/v2\/types\/product"}],"wp:featuredmedia":[{"embeddable":true,"href":"https:\/\/www.letutudanza.it\/de\/wp-json\/wp\/v2\/media\/387738"}],"wp:attachment":[{"href":"https:\/\/www.letutudanza.it\/de\/wp-json\/wp\/v2\/media?parent=380496"}],"wp:term":[{"taxonomy":"product_brand","embeddable":true,"href":"https:\/\/www.letutudanza.it\/de\/wp-json\/wp\/v2\/product_brand?post=380496"},{"taxonomy":"product_cat","embeddable":true,"href":"https:\/\/www.letutudanza.it\/de\/wp-json\/wp\/v2\/product_cat?post=380496"},{"taxonomy":"product_tag","embeddable":true,"href":"https:\/\/www.letutudanza.it\/de\/wp-json\/wp\/v2\/product_tag?post=380496"}],"curies":[{"name":"wp","href":"https:\/\/api.w.org\/{rel}","templated":true}]}}