{"id":380480,"date":"2022-07-14T12:22:57","date_gmt":"2022-07-14T10:22:57","guid":{"rendered":"https:\/\/letutudanza.it\/prodotto\/eislauftrikots-im-angebot"},"modified":"2025-09-22T11:35:53","modified_gmt":"2025-09-22T09:35:53","slug":"body-skating-angebot","status":"publish","type":"product","link":"https:\/\/www.letutudanza.it\/de\/prodotto\/body-skating-angebot","title":{"rendered":"Skating-Body mit Rock"},"content":{"rendered":"<p>Skater-Body aus Lycra mit Paint-Splash-Effekt. Halb\u00e4rmliger Bodysuit mit flie\u00dfenden Locken an der Brust und am unteren R\u00fccken. Rock mit langer Spitze auf der R\u00fcckseite (spezielles Modell zum Skaten).<\/p>\n","protected":false},"excerpt":{"rendered":"<p>Eiskunstlauf-Trikot aus Fantasy-Lycra mit Farbspritzeffekt.<br \/>\n Halbarm, flie\u00dfende Raffungen an der Brust und tiefer Ausschnitt am R\u00fccken mit breiten, gekreuzten B\u00e4ndern<br \/>\n Spitz zulaufender Rock vorne und hinten (speziell zum Skaten).<\/p>\n<p> Letztes verf\u00fcgbares St\u00fcck: Gr\u00f6\u00dfe S<\/p>\n","protected":false},"featured_media":326408,"template":"","meta":{"_acf_changed":false},"product_brand":[],"product_cat":[1521,1451],"product_tag":[],"class_list":{"0":"post-380480","1":"product","2":"type-product","3":"status-publish","4":"has-post-thumbnail","6":"product_cat-auslasskorper","7":"product_cat-auslauf","8":"pa_brand-dl-tanzkleidung","10":"first","11":"instock","12":"sale","13":"shipping-taxable","14":"purchasable","15":"product-type-simple"},"acf":[],"_links":{"self":[{"href":"https:\/\/www.letutudanza.it\/de\/wp-json\/wp\/v2\/product\/380480","targetHints":{"allow":["GET"]}}],"collection":[{"href":"https:\/\/www.letutudanza.it\/de\/wp-json\/wp\/v2\/product"}],"about":[{"href":"https:\/\/www.letutudanza.it\/de\/wp-json\/wp\/v2\/types\/product"}],"wp:featuredmedia":[{"embeddable":true,"href":"https:\/\/www.letutudanza.it\/de\/wp-json\/wp\/v2\/media\/326408"}],"wp:attachment":[{"href":"https:\/\/www.letutudanza.it\/de\/wp-json\/wp\/v2\/media?parent=380480"}],"wp:term":[{"taxonomy":"product_brand","embeddable":true,"href":"https:\/\/www.letutudanza.it\/de\/wp-json\/wp\/v2\/product_brand?post=380480"},{"taxonomy":"product_cat","embeddable":true,"href":"https:\/\/www.letutudanza.it\/de\/wp-json\/wp\/v2\/product_cat?post=380480"},{"taxonomy":"product_tag","embeddable":true,"href":"https:\/\/www.letutudanza.it\/de\/wp-json\/wp\/v2\/product_tag?post=380480"}],"curies":[{"name":"wp","href":"https:\/\/api.w.org\/{rel}","templated":true}]}}