{"id":380477,"date":"2022-07-19T19:52:55","date_gmt":"2022-07-19T17:52:55","guid":{"rendered":"https:\/\/letutudanza.it\/prodotto\/maya-tunika-im-angebot"},"modified":"2024-12-25T12:49:25","modified_gmt":"2024-12-25T11:49:25","slug":"tunika-maya-angebot","status":"publish","type":"product","link":"https:\/\/www.letutudanza.it\/de\/prodotto\/tunika-maya-angebot","title":{"rendered":"Wei\u00dfes Tanz-Sweatshirt mit Kapuze"},"content":{"rendered":"<p>Langarm-Tunika mit Rei\u00dfverschluss, Kapuze und Kordelzug in der Taille aus wei\u00dfer Baumwolle mit hellblauen N\u00e4hten.<br \/>\nAbn\u00e4her auf der R\u00fcckseite f\u00fcr eine perfekte Passform.<\/p>\n<p>&nbsp;<\/p>\n","protected":false},"excerpt":{"rendered":"<p>Langarm-Tunika mit Rei\u00dfverschluss, Kapuze und Kordelzug in der Taille.<br \/>\nAbn\u00e4her auf der R\u00fcckseite f\u00fcr eine perfekte Passform.<\/p>\n<p>Auf Bestellung in allen nicht aufgef\u00fchrten Farben erh\u00e4ltlich.<\/p>\n<p><strong>Hinweis:<\/strong> Das Logo auf der R\u00fcckseite dient der Veranschaulichung<br \/>\nM\u00f6glichkeit, den Artikel mit dem Logo Ihrer Schule zu personalisieren (Mindestbestellmenge 20 St\u00fcck, Klischeekosten nicht inbegriffen)<br \/>\nF\u00fcr alle Informationen kontaktieren Sie uns privat<\/p>\n","protected":false},"featured_media":326484,"template":"","meta":{"_acf_changed":false},"product_brand":[],"product_cat":[1511,1513,1451],"product_tag":[],"class_list":{"0":"post-380477","1":"product","2":"type-product","3":"status-publish","4":"has-post-thumbnail","6":"product_cat-bekleidungs-outlet","7":"product_cat-kleidung","8":"product_cat-auslauf","9":"pa_brand-dl-tanzkleidung","11":"first","12":"instock","13":"sale","14":"shipping-taxable","15":"purchasable","16":"product-type-variable"},"acf":[],"_links":{"self":[{"href":"https:\/\/www.letutudanza.it\/de\/wp-json\/wp\/v2\/product\/380477","targetHints":{"allow":["GET"]}}],"collection":[{"href":"https:\/\/www.letutudanza.it\/de\/wp-json\/wp\/v2\/product"}],"about":[{"href":"https:\/\/www.letutudanza.it\/de\/wp-json\/wp\/v2\/types\/product"}],"wp:featuredmedia":[{"embeddable":true,"href":"https:\/\/www.letutudanza.it\/de\/wp-json\/wp\/v2\/media\/326484"}],"wp:attachment":[{"href":"https:\/\/www.letutudanza.it\/de\/wp-json\/wp\/v2\/media?parent=380477"}],"wp:term":[{"taxonomy":"product_brand","embeddable":true,"href":"https:\/\/www.letutudanza.it\/de\/wp-json\/wp\/v2\/product_brand?post=380477"},{"taxonomy":"product_cat","embeddable":true,"href":"https:\/\/www.letutudanza.it\/de\/wp-json\/wp\/v2\/product_cat?post=380477"},{"taxonomy":"product_tag","embeddable":true,"href":"https:\/\/www.letutudanza.it\/de\/wp-json\/wp\/v2\/product_tag?post=380477"}],"curies":[{"name":"wp","href":"https:\/\/api.w.org\/{rel}","templated":true}]}}