{"id":380292,"date":"2022-07-13T18:07:29","date_gmt":"2022-07-13T16:07:29","guid":{"rendered":"https:\/\/letutudanza.it\/prodotto\/langarm-body-mit-rundhalsausschnitt"},"modified":"2025-12-16T17:29:03","modified_gmt":"2025-12-16T16:29:03","slug":"rundhals-body-mit-langen-armeln","status":"publish","type":"product","link":"https:\/\/www.letutudanza.it\/de\/prodotto\/rundhals-body-mit-langen-armeln","title":{"rendered":"Lang\u00e4rmliges Tanztrikot mit Rundhalsausschnitt"},"content":{"rendered":"<p>Rundhals-Body mit Tropfenausschnitt auf der R\u00fcckseite. Aus fuchsiafarbenem Lycra, lange \u00c4rmel.<\/p>\n<p>Ideal f\u00fcr Auftritte, Shows oder als Kunstturn-Studiouniform.<\/p>\n","protected":false},"excerpt":{"rendered":"<p>Body mit Rundhalsausschnitt aus fuchsiafarbenem Lycra (Farbe wie abgebildet), lange \u00c4rmel<br \/>\n Tropfenf\u00f6rmiger Ausschnitt am R\u00fccken und Schn\u00fcrverschluss<\/p>\n<p> Nur noch ein St\u00fcck verf\u00fcgbar M<\/p>\n","protected":false},"featured_media":326342,"template":"","meta":{"_acf_changed":false},"product_brand":[],"product_cat":[1521,1451],"product_tag":[],"class_list":{"0":"post-380292","1":"product","2":"type-product","3":"status-publish","4":"has-post-thumbnail","6":"product_cat-auslasskorper","7":"product_cat-auslauf","8":"pa_brand-dl-tanzkleidung","10":"first","11":"instock","12":"sale","13":"shipping-taxable","14":"purchasable","15":"product-type-simple"},"acf":[],"_links":{"self":[{"href":"https:\/\/www.letutudanza.it\/de\/wp-json\/wp\/v2\/product\/380292","targetHints":{"allow":["GET"]}}],"collection":[{"href":"https:\/\/www.letutudanza.it\/de\/wp-json\/wp\/v2\/product"}],"about":[{"href":"https:\/\/www.letutudanza.it\/de\/wp-json\/wp\/v2\/types\/product"}],"wp:featuredmedia":[{"embeddable":true,"href":"https:\/\/www.letutudanza.it\/de\/wp-json\/wp\/v2\/media\/326342"}],"wp:attachment":[{"href":"https:\/\/www.letutudanza.it\/de\/wp-json\/wp\/v2\/media?parent=380292"}],"wp:term":[{"taxonomy":"product_brand","embeddable":true,"href":"https:\/\/www.letutudanza.it\/de\/wp-json\/wp\/v2\/product_brand?post=380292"},{"taxonomy":"product_cat","embeddable":true,"href":"https:\/\/www.letutudanza.it\/de\/wp-json\/wp\/v2\/product_cat?post=380292"},{"taxonomy":"product_tag","embeddable":true,"href":"https:\/\/www.letutudanza.it\/de\/wp-json\/wp\/v2\/product_tag?post=380292"}],"curies":[{"name":"wp","href":"https:\/\/api.w.org\/{rel}","templated":true}]}}