{"id":380239,"date":"2022-07-13T17:50:09","date_gmt":"2022-07-13T15:50:09","guid":{"rendered":"https:\/\/letutudanza.it\/prodotto\/body-mit-gerafften-bruesten"},"modified":"2025-09-22T09:49:39","modified_gmt":"2025-09-22T07:49:39","slug":"korper-mit-locke","status":"publish","type":"product","link":"https:\/\/www.letutudanza.it\/de\/prodotto\/korper-mit-locke","title":{"rendered":"M\u00e4dchen-Tanztrikot mit Brustr\u00fcschen"},"content":{"rendered":"<p>Body mit halben \u00c4rmeln aus rosafarbenem Lycra.<br \/>\nFeste Locken am Ausschnitt und auf der Vorderseite gef\u00fcttert.<\/p>\n","protected":false},"excerpt":{"rendered":"<p>Halb\u00e4rmeliger Body aus rosa Lycra.<br \/>\n Am Halsausschnitt feste Raffung und vorne gef\u00fcttert.<\/p>\n<p> Nur ein St\u00fcck verf\u00fcgbar Gr\u00f6\u00dfe 2\/4 Jahre<\/p>\n","protected":false},"featured_media":403430,"template":"","meta":{"_acf_changed":false},"product_brand":[],"product_cat":[1521,1451],"product_tag":[],"class_list":{"0":"post-380239","1":"product","2":"type-product","3":"status-publish","4":"has-post-thumbnail","6":"product_cat-auslasskorper","7":"product_cat-auslauf","8":"pa_brand-dl-tanzkleidung","10":"first","11":"instock","12":"sale","13":"shipping-taxable","14":"purchasable","15":"product-type-simple"},"acf":[],"_links":{"self":[{"href":"https:\/\/www.letutudanza.it\/de\/wp-json\/wp\/v2\/product\/380239","targetHints":{"allow":["GET"]}}],"collection":[{"href":"https:\/\/www.letutudanza.it\/de\/wp-json\/wp\/v2\/product"}],"about":[{"href":"https:\/\/www.letutudanza.it\/de\/wp-json\/wp\/v2\/types\/product"}],"wp:featuredmedia":[{"embeddable":true,"href":"https:\/\/www.letutudanza.it\/de\/wp-json\/wp\/v2\/media\/403430"}],"wp:attachment":[{"href":"https:\/\/www.letutudanza.it\/de\/wp-json\/wp\/v2\/media?parent=380239"}],"wp:term":[{"taxonomy":"product_brand","embeddable":true,"href":"https:\/\/www.letutudanza.it\/de\/wp-json\/wp\/v2\/product_brand?post=380239"},{"taxonomy":"product_cat","embeddable":true,"href":"https:\/\/www.letutudanza.it\/de\/wp-json\/wp\/v2\/product_cat?post=380239"},{"taxonomy":"product_tag","embeddable":true,"href":"https:\/\/www.letutudanza.it\/de\/wp-json\/wp\/v2\/product_tag?post=380239"}],"curies":[{"name":"wp","href":"https:\/\/api.w.org\/{rel}","templated":true}]}}